{"id":1156,"date":"2025-05-28T20:44:50","date_gmt":"2025-05-29T01:44:50","guid":{"rendered":"https:\/\/alumni.unach.edu.ec\/?page_id=1156"},"modified":"2025-06-10T17:49:57","modified_gmt":"2025-06-10T22:49:57","slug":"cursos-gratuitos","status":"publish","type":"page","link":"https:\/\/alumni.unach.edu.ec\/index.php\/cursos-gratuitos\/","title":{"rendered":"Cursos gratuitos"},"content":{"rendered":"\t\t<div data-elementor-type=\"wp-page\" data-elementor-id=\"1156\" class=\"elementor elementor-1156\">\n\t\t\t\t<div class=\"elementor-element elementor-element-d9b5f84 e-flex e-con-boxed e-con e-parent\" data-id=\"d9b5f84\" data-element_type=\"container\">\n\t\t\t\t\t<div class=\"e-con-inner\">\n\t\t\t\t<div class=\"elementor-element elementor-element-e9d7ab0 elementor-widget elementor-widget-html\" data-id=\"e9d7ab0\" data-element_type=\"widget\" data-widget_type=\"html.default\">\n\t\t\t\t<div class=\"elementor-widget-container\">\n\t\t\t\t\t<div class=\"simple-card-container\">\n    <!-- Card 1 -->\n    <div class=\"card\">\n        <a href=\"https:\/\/skillshop.withgoogle.com\/intl\/es-419_ALL\/\" target=\"_blank\">\n            <img decoding=\"async\" src=\"https:\/\/alumni.unach.edu.ec\/wp-content\/uploads\/2025\/05\/skillshop_web-scaled.png\" alt=\"Google Skillshop\">\n            <div class=\"card-text\">\n                <h3>Google Skillshop<\/h3>\n            <\/div>\n        <\/a>\n    <\/div>\n\n    <!-- Card 2 -->\n    <div class=\"card\">\n        <a href=\"https:\/\/learn.microsoft.com\/es-es\/training\/\" target=\"_blank\">\n            <img decoding=\"async\" src=\"https:\/\/alumni.unach.edu.ec\/wp-content\/uploads\/2025\/05\/microsfot_learn-scaled.png\" alt=\"Microsoft Learn\">\n            <div class=\"card-text\">\n                <h3>Microsoft Learn<\/h3>\n            <\/div>\n        <\/a>\n    <\/div>\n\n    <!-- Card 3 -->\n    <div class=\"card\">\n        <a href=\"https:\/\/www.santanderopenacademy.com\/es\/index.html\" target=\"_blank\">\n            <img decoding=\"async\" src=\"https:\/\/alumni.unach.edu.ec\/wp-content\/uploads\/2025\/05\/santander-scaled.png\" alt=\"Banco Santander\">\n            <div class=\"card-text\">\n                <h3>Banco Santander<\/h3>\n            <\/div>\n        <\/a>\n    <\/div>\n<\/div>\n\n<style>\n    .simple-card-container {\n        display: flex;\n        justify-content: space-between;\n        gap: 20px;\n        flex-wrap: wrap;\n        font-family: Georgia, serif;\n        padding: 20px;\n    }\n\n    .card {\n        flex: 1 1 calc(33.33% - 15px);\n        max-width: calc(33.33% - 15px);\n        overflow: hidden;\n        border-radius: 10px;\n        background-color: transparent;\n        transition: transform 0.3s ease, box-shadow 0.3s ease;\n        text-align: center;\n    }\n\n    .card img {\n        width: 100%;\n        height: auto;\n        object-fit: cover;\n        border-radius: 10px;\n        transition: transform 0.3s ease;\n    }\n\n    .card:hover img {\n        transform: scale(1.05);\n    }\n\n    .card a {\n        display: block;\n        text-decoration: none;\n        color: #0e1424;\n    }\n\n    .card-text {\n        padding: 15px;\n        margin-top: 8px;\n        background-color: rgba(255, 255, 255, 0.7); \/* Fondo semi-transparente *\/\n        backdrop-filter: blur(4px); \/* Efecto glassmorphism opcional *\/\n        text-align: center;\n    }\n\n    .card-text h3 {\n        font-size: 18px;\n        margin-bottom: 5px;\n        color: #0e1424;\n    }\n\n    @media (max-width: 900px) {\n        .card {\n            flex: 1 1 calc(50% - 15px);\n            max-width: calc(50% - 15px);\n        }\n    }\n\n    @media (max-width: 600px) {\n        .card {\n            flex: 1 1 100%;\n            max-width: 100%;\n        }\n\n        .card-text {\n            background-color: rgba(255, 255, 255, 0.85);\n        }\n    }\n<\/style>\t\t\t\t<\/div>\n\t\t\t\t<\/div>\n\t\t\t\t\t<\/div>\n\t\t\t\t<\/div>\n\t\t<div class=\"elementor-element elementor-element-cf1c989 e-flex e-con-boxed e-con e-parent\" data-id=\"cf1c989\" data-element_type=\"container\">\n\t\t\t\t\t<div class=\"e-con-inner\">\n\t\t\t\t<div class=\"elementor-element elementor-element-726c02c elementor-widget elementor-widget-text-editor\" data-id=\"726c02c\" data-element_type=\"widget\" data-widget_type=\"text-editor.default\">\n\t\t\t\t<div class=\"elementor-widget-container\">\n\t\t\t\t\t\t\t\t\t<div class=\"page\" title=\"Page 5\"><div class=\"layoutArea\"><div class=\"column\"><p><span style=\"font-size: 18pt;\"><strong><span style=\"color: #000000;\">Cursos recomendados segu\u0301n tu campo de conocimiento<\/span><\/strong><\/span><\/p><\/div><\/div><\/div>\t\t\t\t\t\t\t\t<\/div>\n\t\t\t\t<\/div>\n\t\t\t\t\t<\/div>\n\t\t\t\t<\/div>\n\t\t<div class=\"elementor-element elementor-element-6e96dae e-flex e-con-boxed e-con e-parent\" data-id=\"6e96dae\" data-element_type=\"container\">\n\t\t\t\t\t<div class=\"e-con-inner\">\n\t\t\t\t<div class=\"elementor-element elementor-element-97848ae elementor-widget elementor-widget-html\" data-id=\"97848ae\" data-element_type=\"widget\" data-widget_type=\"html.default\">\n\t\t\t\t<div class=\"elementor-widget-container\">\n\t\t\t\t\t<div style=\"font-family: Arial, sans-serif; padding: 20px;\">\n  \n  <label for=\"knowledgeFilter\" style=\"font-weight: bold; margin-bottom: 5px; display: block;\">Filtrar por Campo del Conocimiento:<\/label>\n  <select id=\"knowledgeFilter\" style=\"width: 100%; padding: 8px; margin-bottom: 15px; font-size: 14px;\">\n    <option value=\"\">Todos<\/option>\n    <option value=\"Salud\">Salud<\/option>\n    <option value=\"Ingenier\u00eda\">Ingenier\u00eda<\/option>\n    <option value=\"Ciencias Pol\u00edticas y Administrativas\">Ciencias Pol\u00edticas y Administrativas<\/option>\n    <option value=\"Ciencias de la Educaci\u00f3n, Humanas y Tecnolog\u00edas\">Ciencias de la Educaci\u00f3n, Humanas y Tecnolog\u00edas<\/option>\n  <\/select>\n\n  <table id=\"coursesTable\" style=\"width: 100%; border-collapse: collapse;\">\n    <thead>\n      <tr>\n        <th style=\"padding: 10px; border: 1px solid #ccc; background-color: #f4f4f4;\">Campo del Conocimiento<\/th>\n        <th style=\"padding: 10px; border: 1px solid #ccc; background-color: #f4f4f4;\">Tem\u00e1ticas<\/th>\n        <th style=\"padding: 10px; border: 1px solid #ccc; background-color: #f4f4f4;\">Enlaces a Cursos<\/th>\n      <\/tr>\n    <\/thead>\n    <tbody>\n      <!-- Salud -->\n      <tr><td style=\"padding: 10px; border: 1px solid #ccc;\">Salud<\/td><td style=\"padding: 10px; border: 1px solid #ccc;\">Introducci\u00f3n a la psicolog\u00eda<\/td><td style=\"padding: 10px; border: 1px solid #ccc;\"><a href=\"https:\/\/www.coursera.org\/learn\/introduction-psych\" target=\"_blank\">Ir al curso<\/a><\/td><\/tr>\n      <tr><td style=\"padding: 10px; border: 1px solid #ccc;\">Salud<\/td><td style=\"padding: 10px; border: 1px solid #ccc;\">Aspectos esenciales de la salud mundial<\/td><td style=\"padding: 10px; border: 1px solid #ccc;\"><a href=\"https:\/\/www.coursera.org\/learn\/essentials-global-health\" target=\"_blank\">Ir al curso<\/a><\/td><\/tr>\n      <tr><td style=\"padding: 10px; border: 1px solid #ccc;\">Salud<\/td><td style=\"padding: 10px; border: 1px solid #ccc;\">Anatom\u00eda del t\u00f3rax, cuello, abdomen y pelvis<\/td><td style=\"padding: 10px; border: 1px solid #ccc;\"><a href=\"https:\/\/www.coursera.org\/learn\/trunk-anatomy\" target=\"_blank\">Ir al curso<\/a><\/td><\/tr>\n      <tr><td style=\"padding: 10px; border: 1px solid #ccc;\">Salud<\/td><td style=\"padding: 10px; border: 1px solid #ccc;\">Neurociencia m\u00e9dica<\/td><td style=\"padding: 10px; border: 1px solid #ccc;\"><a href=\"https:\/\/www.coursera.org\/learn\/medical-neuroscience\" target=\"_blank\">Ir al curso<\/a><\/td><\/tr>\n      <tr><td style=\"padding: 10px; border: 1px solid #ccc;\">Salud<\/td><td style=\"padding: 10px; border: 1px solid #ccc;\">Introducci\u00f3n a la fisiolog\u00eda humana<\/td><td style=\"padding: 10px; border: 1px solid #ccc;\"><a href=\"https:\/\/www.coursera.org\/learn\/physiology\" target=\"_blank\">Ir al curso<\/a><\/td><\/tr>\n\n      <!-- Ingenier\u00eda -->\n      <tr><td style=\"padding: 10px; border: 1px solid #ccc;\">Ingenier\u00eda<\/td><td style=\"padding: 10px; border: 1px solid #ccc;\">Introducci\u00f3n al mundo IT<\/td><td style=\"padding: 10px; border: 1px solid #ccc;\"><a href=\"https:\/\/fundaciontelefonica.com.ec\/empleabilidad\/formacion-online\/programacion\/\" target=\"_blank\">Ir al curso<\/a><\/td><\/tr>\n      <tr><td style=\"padding: 10px; border: 1px solid #ccc;\">Ingenier\u00eda<\/td><td style=\"padding: 10px; border: 1px solid #ccc;\">Sistemas de Automatizaci\u00f3n de la Industria<\/td><td style=\"padding: 10px; border: 1px solid #ccc;\"><a href=\"https:\/\/cursosgratuitos.es\/curso-gratuito-diplomado-en-sistemas-de-automatizacion-de-la-industria\/\" target=\"_blank\">Ir al curso<\/a><\/td><\/tr>\n      <tr><td style=\"padding: 10px; border: 1px solid #ccc;\">Ingenier\u00eda<\/td><td style=\"padding: 10px; border: 1px solid #ccc;\">Programaci\u00f3n y Automatizaci\u00f3n con Arduino<\/td><td style=\"padding: 10px; border: 1px solid #ccc;\"><a href=\"https:\/\/cursosgratuitos.es\/curso-gratuito-curso-de-programacion-y-automatizacion-con-arduino\/\" target=\"_blank\">Ir al curso<\/a><\/td><\/tr>\n\n      <!-- Ciencias Pol\u00edticas y Administrativas -->\n      <tr><td style=\"padding: 10px; border: 1px solid #ccc;\">Ciencias Pol\u00edticas y Administrativas<\/td><td style=\"padding: 10px; border: 1px solid #ccc;\">Estrategias de Comunicaci\u00f3n<\/td><td style=\"padding: 10px; border: 1px solid #ccc;\"><a href=\"https:\/\/www.coursera.org\/learn\/negotiation\" target=\"_blank\">Ir al curso<\/a><\/td><\/tr>\n      <tr><td style=\"padding: 10px; border: 1px solid #ccc;\">Ciencias Pol\u00edticas y Administrativas<\/td><td style=\"padding: 10px; border: 1px solid #ccc;\">Marketing Digital<\/td><td style=\"padding: 10px; border: 1px solid #ccc;\"><a href=\"https:\/\/fundaciontelefonica.com.ec\/empleabilidad\/formacion-online\/marketing-digital\/\" target=\"_blank\">Ir al curso<\/a><\/td><\/tr>\n      <tr><td style=\"padding: 10px; border: 1px solid #ccc;\">Ciencias Pol\u00edticas y Administrativas<\/td><td style=\"padding: 10px; border: 1px solid #ccc;\">Emprendimiento Digital<\/td><td style=\"padding: 10px; border: 1px solid #ccc;\"><a href=\"https:\/\/fundaciontelefonica.com.ec\/empleabilidad\/formacion-online\/emprendimiento\/\" target=\"_blank\">Ir al curso<\/a><\/td><\/tr>\n\n      <!-- Ciencias de la Educaci\u00f3n, Humanas y Tecnolog\u00edas -->\n      <tr><td style=\"padding: 10px; border: 1px solid #ccc;\">Ciencias de la Educaci\u00f3n, Humanas y Tecnolog\u00edas<\/td><td style=\"padding: 10px; border: 1px solid #ccc;\">Introducci\u00f3n al Derecho Penal Internacional<\/td><td style=\"padding: 10px; border: 1px solid #ccc;\"><a href=\"https:\/\/www.coursera.org\/learn\/international-criminal-law\" target=\"_blank\">Ir al curso<\/a><\/td><\/tr>\n      <tr><td style=\"padding: 10px; border: 1px solid #ccc;\">Ciencias de la Educaci\u00f3n, Humanas y Tecnolog\u00edas<\/td><td style=\"padding: 10px; border: 1px solid #ccc;\">Python y estad\u00edstica para el an\u00e1lisis financiero<\/td><td style=\"padding: 10px; border: 1px solid #ccc;\"><a href=\"https:\/\/www.coursera.org\/learn\/python-statistics-financial-analysis\" target=\"_blank\">Ir al curso<\/a><\/td><\/tr>\n      <tr><td style=\"padding: 10px; border: 1px solid #ccc;\">Ciencias de la Educaci\u00f3n, Humanas y Tecnolog\u00edas<\/td><td style=\"padding: 10px; border: 1px solid #ccc;\">Dise\u00f1ador gr\u00e1fico<\/td><td style=\"padding: 10px; border: 1px solid #ccc;\"><a href=\"https:\/\/www.coursera.org\/career-academy\/roles\/graphic-designer-desktop-publisher?level=beginner\" target=\"_blank\">Ir al curso<\/a><\/td><\/tr>\n    <\/tbody>\n  <\/table>\n\n  <script>\n    document.addEventListener(\"DOMContentLoaded\", function () {\n      const filterSelect = document.getElementById(\"knowledgeFilter\");\n\n      filterSelect.addEventListener(\"change\", function () {\n        const selectedValue = this.value;\n        const rows = document.querySelectorAll(\"#coursesTable tbody tr\");\n\n        rows.forEach(row => {\n          const knowledgeCell = row.querySelector(\"td\");\n          if (!selectedValue || (knowledgeCell && knowledgeCell.textContent.trim() === selectedValue)) {\n            row.style.display = \"\";\n          } else {\n            row.style.display = \"none\";\n          }\n        });\n      });\n    });\n  <\/script>\n<\/div>\t\t\t\t<\/div>\n\t\t\t\t<\/div>\n\t\t\t\t\t<\/div>\n\t\t\t\t<\/div>\n\t\t\t\t<\/div>\n\t\t","protected":false},"excerpt":{"rendered":"<p>Google Skillshop Microsoft Learn Banco Santander Cursos recomendados segu\u0301n tu campo de conocimiento Filtrar por Campo del Conocimiento: TodosSaludIngenier\u00edaCiencias Pol\u00edticas y AdministrativasCiencias de la Educaci\u00f3n, Humanas y Tecnolog\u00edas Campo del Conocimiento Tem\u00e1ticas Enlaces a Cursos Salud Introducci\u00f3n a la psicolog\u00eda Ir al curso Salud Aspectos esenciales de la salud mundial Ir al curso Salud Anatom\u00eda<\/p>\n<div class=\"more-link\">\n\t\t\t\t <a href=\"https:\/\/alumni.unach.edu.ec\/index.php\/cursos-gratuitos\/\" class=\"link-btn\"><span>Seguir leyendo <\/span> <i class=\"icofont-thin-double-right\"><\/i><\/a>\n\t\t\t<\/div>\n","protected":false},"author":1,"featured_media":0,"parent":0,"menu_order":0,"comment_status":"closed","ping_status":"closed","template":"templates\/without-hero.php","meta":{"footnotes":""},"class_list":["post-1156","page","type-page","status-publish","hentry"],"_links":{"self":[{"href":"https:\/\/alumni.unach.edu.ec\/index.php\/wp-json\/wp\/v2\/pages\/1156","targetHints":{"allow":["GET"]}}],"collection":[{"href":"https:\/\/alumni.unach.edu.ec\/index.php\/wp-json\/wp\/v2\/pages"}],"about":[{"href":"https:\/\/alumni.unach.edu.ec\/index.php\/wp-json\/wp\/v2\/types\/page"}],"author":[{"embeddable":true,"href":"https:\/\/alumni.unach.edu.ec\/index.php\/wp-json\/wp\/v2\/users\/1"}],"replies":[{"embeddable":true,"href":"https:\/\/alumni.unach.edu.ec\/index.php\/wp-json\/wp\/v2\/comments?post=1156"}],"version-history":[{"count":28,"href":"https:\/\/alumni.unach.edu.ec\/index.php\/wp-json\/wp\/v2\/pages\/1156\/revisions"}],"predecessor-version":[{"id":1223,"href":"https:\/\/alumni.unach.edu.ec\/index.php\/wp-json\/wp\/v2\/pages\/1156\/revisions\/1223"}],"wp:attachment":[{"href":"https:\/\/alumni.unach.edu.ec\/index.php\/wp-json\/wp\/v2\/media?parent=1156"}],"curies":[{"name":"wp","href":"https:\/\/api.w.org\/{rel}","templated":true}]}}