{"id":1274,"date":"2025-11-18T08:54:26","date_gmt":"2025-11-18T13:54:26","guid":{"rendered":"https:\/\/alumni.unach.edu.ec\/?page_id=1274"},"modified":"2025-12-16T11:15:09","modified_gmt":"2025-12-16T16:15:09","slug":"estadistica","status":"publish","type":"page","link":"https:\/\/alumni.unach.edu.ec\/index.php\/estadistica\/","title":{"rendered":"ESTADIST\u00cdCA"},"content":{"rendered":"\t\t<div data-elementor-type=\"wp-page\" data-elementor-id=\"1274\" class=\"elementor elementor-1274\">\n\t\t\t\t<div class=\"elementor-element elementor-element-bb33916 e-flex e-con-boxed e-con e-parent\" data-id=\"bb33916\" data-element_type=\"container\">\n\t\t\t\t\t<div class=\"e-con-inner\">\n\t\t\t\t<div class=\"elementor-element elementor-element-e12206f elementor-widget elementor-widget-heading\" data-id=\"e12206f\" data-element_type=\"widget\" data-widget_type=\"heading.default\">\n\t\t\t\t<div class=\"elementor-widget-container\">\n\t\t\t\t\t<h4 class=\"elementor-heading-title elementor-size-default\">A trav\u00e9s de la estad\u00edstica de graduados, se recopila con encuestas informaci\u00f3n sobre el estado laboral de nuestros ALUMNI.<\/h4>\t\t\t\t<\/div>\n\t\t\t\t<\/div>\n\t\t\t\t\t<\/div>\n\t\t\t\t<\/div>\n\t\t<div class=\"elementor-element elementor-element-6ec0a95 e-flex e-con-boxed e-con e-parent\" data-id=\"6ec0a95\" data-element_type=\"container\">\n\t\t\t\t\t<div class=\"e-con-inner\">\n\t\t<div class=\"elementor-element elementor-element-0a0edcb e-con-full e-flex e-con e-child\" data-id=\"0a0edcb\" data-element_type=\"container\">\n\t\t\t\t<div class=\"elementor-element elementor-element-ca551d5 elementor-align-center elementor-widget elementor-widget-envo-extra-button\" data-id=\"ca551d5\" data-element_type=\"widget\" data-widget_type=\"envo-extra-button.default\">\n\t\t\t\t<div class=\"elementor-widget-container\">\n\t\t\t\t\t\r\n\t\t<a  target=\"_blank\" href=\"https:\/\/sicoaweb2.unach.edu.ec\/ModuloComun\/General\/frmLogin.aspx\" class=\"envo-extra-elementor-button envo-extra-elementor-button-animation-none envo-extra-align-icon-right\">\r\n\t\t<span class=\"envo-extra-elementor-button-inner\">\r\n\t\t\t\t\t\t<span class=\"envo-extra-button-text\">SICOA GRADUADOS<\/span>\r\n\t\t<\/span>\r\n\t\t<\/a>\r\n\t\t\t\t\t\t<\/div>\n\t\t\t\t<\/div>\n\t\t\t\t<div class=\"elementor-element elementor-element-16fc51a elementor-widget__width-initial elementor-widget elementor-widget-image\" data-id=\"16fc51a\" data-element_type=\"widget\" data-widget_type=\"image.default\">\n\t\t\t\t<div class=\"elementor-widget-container\">\n\t\t\t\t\t\t\t\t\t\t\t\t\t\t\t<img fetchpriority=\"high\" decoding=\"async\" width=\"640\" height=\"640\" src=\"https:\/\/alumni.unach.edu.ec\/wp-content\/uploads\/2025\/11\/ChatGPT-Image-18-nov-2025-10_14_34.png\" class=\"attachment-large size-large wp-image-1299\" alt=\"\" srcset=\"https:\/\/alumni.unach.edu.ec\/wp-content\/uploads\/2025\/11\/ChatGPT-Image-18-nov-2025-10_14_34.png 1024w, https:\/\/alumni.unach.edu.ec\/wp-content\/uploads\/2025\/11\/ChatGPT-Image-18-nov-2025-10_14_34-300x300.png 300w, https:\/\/alumni.unach.edu.ec\/wp-content\/uploads\/2025\/11\/ChatGPT-Image-18-nov-2025-10_14_34-150x150.png 150w, https:\/\/alumni.unach.edu.ec\/wp-content\/uploads\/2025\/11\/ChatGPT-Image-18-nov-2025-10_14_34-768x768.png 768w\" sizes=\"(max-width: 640px) 100vw, 640px\" \/>\t\t\t\t\t\t\t\t\t\t\t\t\t\t\t<\/div>\n\t\t\t\t<\/div>\n\t\t\t\t<\/div>\n\t\t<div class=\"elementor-element elementor-element-fc61aa4 e-con-full e-flex e-con e-child\" data-id=\"fc61aa4\" data-element_type=\"container\">\n\t\t\t\t<div class=\"elementor-element elementor-element-fd85642 elementor-align-center elementor-widget elementor-widget-envo-extra-button\" data-id=\"fd85642\" data-element_type=\"widget\" data-widget_type=\"envo-extra-button.default\">\n\t\t\t\t<div class=\"elementor-widget-container\">\n\t\t\t\t\t\r\n\t\t<a  target=\"_blank\" href=\"https:\/\/encuestas.unach.edu.ec\/Pagina.html\" class=\"envo-extra-elementor-button envo-extra-elementor-button-animation-none envo-extra-align-icon-right\">\r\n\t\t<span class=\"envo-extra-elementor-button-inner\">\r\n\t\t\t\t\t\t<span class=\"envo-extra-button-text\">ENCUESTAS GRADUADOS<\/span>\r\n\t\t<\/span>\r\n\t\t<\/a>\r\n\t\t\t\t\t\t<\/div>\n\t\t\t\t<\/div>\n\t\t\t\t<div class=\"elementor-element elementor-element-6f7628d elementor-widget__width-initial elementor-widget elementor-widget-image\" data-id=\"6f7628d\" data-element_type=\"widget\" data-widget_type=\"image.default\">\n\t\t\t\t<div class=\"elementor-widget-container\">\n\t\t\t\t\t\t\t\t\t\t\t\t\t\t\t<img decoding=\"async\" width=\"640\" height=\"640\" src=\"https:\/\/alumni.unach.edu.ec\/wp-content\/uploads\/2025\/11\/ChatGPT-Image-18-nov-2025-10_36_50.png\" class=\"attachment-large size-large wp-image-1300\" alt=\"\" srcset=\"https:\/\/alumni.unach.edu.ec\/wp-content\/uploads\/2025\/11\/ChatGPT-Image-18-nov-2025-10_36_50.png 1024w, https:\/\/alumni.unach.edu.ec\/wp-content\/uploads\/2025\/11\/ChatGPT-Image-18-nov-2025-10_36_50-300x300.png 300w, https:\/\/alumni.unach.edu.ec\/wp-content\/uploads\/2025\/11\/ChatGPT-Image-18-nov-2025-10_36_50-150x150.png 150w, https:\/\/alumni.unach.edu.ec\/wp-content\/uploads\/2025\/11\/ChatGPT-Image-18-nov-2025-10_36_50-768x768.png 768w\" sizes=\"(max-width: 640px) 100vw, 640px\" \/>\t\t\t\t\t\t\t\t\t\t\t\t\t\t\t<\/div>\n\t\t\t\t<\/div>\n\t\t\t\t<\/div>\n\t\t\t\t\t<\/div>\n\t\t\t\t<\/div>\n\t\t\t\t<\/div>\n\t\t","protected":false},"excerpt":{"rendered":"<p>A trav\u00e9s de la estad\u00edstica de graduados, se recopila con encuestas informaci\u00f3n sobre el estado laboral de nuestros ALUMNI. SICOA GRADUADOS ENCUESTAS GRADUADOS<\/p>\n","protected":false},"author":1,"featured_media":0,"parent":0,"menu_order":0,"comment_status":"closed","ping_status":"closed","template":"","meta":{"footnotes":""},"class_list":["post-1274","page","type-page","status-publish","hentry"],"_links":{"self":[{"href":"https:\/\/alumni.unach.edu.ec\/index.php\/wp-json\/wp\/v2\/pages\/1274","targetHints":{"allow":["GET"]}}],"collection":[{"href":"https:\/\/alumni.unach.edu.ec\/index.php\/wp-json\/wp\/v2\/pages"}],"about":[{"href":"https:\/\/alumni.unach.edu.ec\/index.php\/wp-json\/wp\/v2\/types\/page"}],"author":[{"embeddable":true,"href":"https:\/\/alumni.unach.edu.ec\/index.php\/wp-json\/wp\/v2\/users\/1"}],"replies":[{"embeddable":true,"href":"https:\/\/alumni.unach.edu.ec\/index.php\/wp-json\/wp\/v2\/comments?post=1274"}],"version-history":[{"count":73,"href":"https:\/\/alumni.unach.edu.ec\/index.php\/wp-json\/wp\/v2\/pages\/1274\/revisions"}],"predecessor-version":[{"id":1586,"href":"https:\/\/alumni.unach.edu.ec\/index.php\/wp-json\/wp\/v2\/pages\/1274\/revisions\/1586"}],"wp:attachment":[{"href":"https:\/\/alumni.unach.edu.ec\/index.php\/wp-json\/wp\/v2\/media?parent=1274"}],"curies":[{"name":"wp","href":"https:\/\/api.w.org\/{rel}","templated":true}]}}