{"id":171,"date":"2025-03-24T13:00:14","date_gmt":"2025-03-24T18:00:14","guid":{"rendered":"https:\/\/alumni.unach.edu.ec\/?page_id=171"},"modified":"2025-05-08T15:47:19","modified_gmt":"2025-05-08T20:47:19","slug":"contacto","status":"publish","type":"page","link":"https:\/\/alumni.unach.edu.ec\/index.php\/contacto\/","title":{"rendered":"CONTACTO"},"content":{"rendered":"\t\t<div data-elementor-type=\"wp-page\" data-elementor-id=\"171\" class=\"elementor elementor-171\">\n\t\t\t\t<div class=\"elementor-element elementor-element-81079e6 e-flex e-con-boxed e-con e-parent\" data-id=\"81079e6\" data-element_type=\"container\">\n\t\t\t\t\t<div class=\"e-con-inner\">\n\t\t\t\t<div class=\"elementor-element elementor-element-7c12a92 elementor-widget elementor-widget-heading\" data-id=\"7c12a92\" data-element_type=\"widget\" data-widget_type=\"heading.default\">\n\t\t\t\t<div class=\"elementor-widget-container\">\n\t\t\t\t\t<h2 class=\"elementor-heading-title elementor-size-default\">PREGUNTAS FRECUENTES<\/h2>\t\t\t\t<\/div>\n\t\t\t\t<\/div>\n\t\t\t\t\t<\/div>\n\t\t\t\t<\/div>\n\t\t<div class=\"elementor-element elementor-element-42507f7 e-flex e-con-boxed e-con e-parent\" data-id=\"42507f7\" data-element_type=\"container\">\n\t\t\t\t\t<div class=\"e-con-inner\">\n\t\t\t\t<div class=\"elementor-element elementor-element-b26b948 elementor-widget elementor-widget-html\" data-id=\"b26b948\" data-element_type=\"widget\" data-widget_type=\"html.default\">\n\t\t\t\t<div class=\"elementor-widget-container\">\n\t\t\t\t\t<html lang=\"es\">\n<head>\n  <meta charset=\"UTF-8\">\n  <meta name=\"viewport\" content=\"width=device-width, initial-scale=1.0\">\n  <title>Preguntas Frecuentes - ALUMNI-UNACH<\/title>\n  <style>\n    body {\n      font-family: Arial, sans-serif;\n      margin: 0;\n      padding: 20px;\n      background-color: #f9f9f9;\n    }\n    .faq-container {\n      max-width: 800px;\n      margin: 0 auto;\n      background: #fff;\n      padding: 20px;\n      border-radius: 8px;\n      box-shadow: 0 2px 5px rgba(0, 0, 0, 0.1);\n    }\n    .faq-item {\n      margin-bottom: 15px;\n      border-bottom: 1px solid #ddd;\n    }\n    .faq-question {\n      font-weight: bold;\n      cursor: pointer;\n      padding: 10px 0;\n      display: flex;\n      align-items: center;\n      color: #000; \/* Cambio de color a negro puro *\/\n    }\n    .faq-answer {\n      max-height: 0;\n      overflow: hidden;\n      transition: max-height 0.3s ease, padding 0.3s ease;\n      padding: 0 0 0 30px;\n    }\n    .faq-answer p {\n      margin: 0;\n      line-height: 1.6;\n    }\n    .faq-answer.open {\n      max-height: 200px;\n      padding: 10px 0 10px 30px;\n    }\n    .faq-icon {\n      margin-right: 10px;\n      transition: transform 0.3s ease;\n    }\n    .faq-item.active .faq-icon {\n      transform: rotate(90deg);\n    }\n  <\/style>\n<\/head>\n<body>\n  <div class=\"faq-container\">\n    <div class=\"faq-item\">\n      <div class=\"faq-question\" onclick=\"toggleFAQ(this)\">\n        <span class=\"faq-icon\">\u25b6<\/span>\n        1. \u00bfQu\u00e9 es la plataforma ALUMNI-UNACH?\n      <\/div>\n      <div class=\"faq-answer\">\n        <p>La plataforma Alumni- UNACH es un espacio virtual dise\u00f1ado para mantener el v\u00ednculo entre la Unach y sus graduados.<\/p>\n      <\/div>\n    <\/div>\n    <div class=\"faq-item\">\n      <div class=\"faq-question\" onclick=\"toggleFAQ(this)\">\n        <span class=\"faq-icon\">\u25b6<\/span>\n        2. \u00bfQui\u00e9nes pueden utilizar el sistema ALUMNI-UNACH?\n      <\/div>\n      <div class=\"faq-answer\">\n        <p>Todos los graduados de la Unach pueden utilizar el sistema de forma gratuita.<\/p>\n      <\/div>\n    <\/div>\n    <div class=\"faq-item\">\n      <div class=\"faq-question\" onclick=\"toggleFAQ(this)\">\n        <span class=\"faq-icon\">\u25b6<\/span>\n        3. \u00bfQu\u00e9 beneficios ofrece la plataforma ALUMNI-UNACH?\n      <\/div>\n      <div class=\"faq-answer\">\n        <p>\u2022 Bolsa de empleo exclusiva para graduados.<br>\u2022 Promoci\u00f3n de emprendimientos.<br>\u2022 Capacitaciones y eventos.<\/p>\n      <\/div>\n    <\/div>\n    <div class=\"faq-item\">\n      <div class=\"faq-question\" onclick=\"toggleFAQ(this)\">\n        <span class=\"faq-icon\">\u25b6<\/span>\n        4. \u00bfC\u00f3mo postulo en una oferta de empleo?\n      <\/div>\n      <div class=\"faq-answer\">\n        <p>Para postular debes registrarte en la BOLSA DE EMPLEO, donde se publican ofertas exclusivas para graduados.<\/p>\n      <\/div>\n    <\/div>\n    <div class=\"faq-item\">\n      <div class=\"faq-question\" onclick=\"toggleFAQ(this)\">\n        <span class=\"faq-icon\">\u25b6<\/span>\n        5. \u00bfC\u00f3mo puedo participar en eventos organizados por ALUMNI-UNACH?\n      <\/div>\n      <div class=\"faq-answer\">\n        <p>La informaci\u00f3n sobre eventos se publica en la plataforma y se comunica a trav\u00e9s del correo electr\u00f3nico registrado. Aseg\u00farate de mantener tus datos actualizados para no perderte ninguna actividad.<\/p>\n      <\/div>\n    <\/div>\n    <div class=\"faq-item\">\n      <div class=\"faq-question\" onclick=\"toggleFAQ(this)\">\n        <span class=\"faq-icon\">\u25b6<\/span>\n        6. \u00bfPuedo promocionar mi emprendimiento a trav\u00e9s de la plataforma?\n      <\/div>\n      <div class=\"faq-answer\">\n        <p>S\u00ed, la plataforma ofrece un espacio para que los graduados den a conocer sus emprendimientos. Para m\u00e1s informaci\u00f3n, contacta a alumni@unach.edu.ec.<\/p>\n      <\/div>\n    <\/div>\n    <div class=\"faq-item\">\n      <div class=\"faq-question\" onclick=\"toggleFAQ(this)\">\n        <span class=\"faq-icon\">\u25b6<\/span>\n        7. \u00bfLa plataforma ALUMNI-UNACH ofrece capacitaciones?\n      <\/div>\n      <div class=\"faq-answer\">\n        <p>S\u00ed, la plataforma cuenta con capacitaciones gratuitas disponibles para los graduados en la secci\u00f3n de TU EDUCACI\u00d3N CONTIN\u00daA.<\/p>\n      <\/div>\n    <\/div>\n    <div class=\"faq-item\">\n      <div class=\"faq-question\" onclick=\"toggleFAQ(this)\">\n        <span class=\"faq-icon\">\u25b6<\/span>\n        8. \u00bfC\u00f3mo puedo contactar al equipo de ALUMNI si tengo dudas?\n      <\/div>\n      <div class=\"faq-answer\">\n        <p>Puedes comunicarte con el equipo de ALUMNI a trav\u00e9s de alumni@unach.edu.ec o de manera presencial en Direcci\u00f3n Acad\u00e9mica, Campus Edison Riera: Av. Antonio Jos\u00e9 de Sucre Km 1 1\/2 v\u00eda a Guano.<\/p>\n      <\/div>\n    <\/div>\n  <\/div>\n\n  <script>\n    function toggleFAQ(element) {\n      const faqItem = element.parentElement;\n      const answer = faqItem.querySelector('.faq-answer');\n      const icon = element.querySelector('.faq-icon');\n\n      if (faqItem.classList.contains('active')) {\n        faqItem.classList.remove('active');\n        answer.classList.remove('open');\n        icon.textContent = '\u25b6';\n      } else {\n        faqItem.classList.add('active');\n        answer.classList.add('open');\n        icon.textContent = '\u25bc';\n      }\n    }\n  <\/script>\n<\/body>\n<\/html>\t\t\t\t<\/div>\n\t\t\t\t<\/div>\n\t\t\t\t\t<\/div>\n\t\t\t\t<\/div>\n\t\t<div class=\"elementor-element elementor-element-e335682 e-flex e-con-boxed e-con e-parent\" data-id=\"e335682\" data-element_type=\"container\">\n\t\t\t\t\t<div class=\"e-con-inner\">\n\t\t\t\t<div class=\"elementor-element elementor-element-c1204bb elementor-widget elementor-widget-text-editor\" data-id=\"c1204bb\" data-element_type=\"widget\" data-widget_type=\"text-editor.default\">\n\t\t\t\t<div class=\"elementor-widget-container\">\n\t\t\t\t\t\t\t\t\t<h2>Escr\u00edbenos a: <a href=\"mailto:alumni@unach.edu.ec\">alumni@unach.edu.ec\u00a0<\/a><\/h2><h2>Con gusto responderemos tus inquietudes.<\/h2>\t\t\t\t\t\t\t\t<\/div>\n\t\t\t\t<\/div>\n\t\t\t\t\t<\/div>\n\t\t\t\t<\/div>\n\t\t<div class=\"elementor-element elementor-element-0a937df e-flex e-con-boxed e-con e-parent\" data-id=\"0a937df\" data-element_type=\"container\">\n\t\t\t\t\t<div class=\"e-con-inner\">\n\t\t\t\t<div class=\"elementor-element elementor-element-068cc53 elementor-shape-rounded elementor-grid-0 e-grid-align-center elementor-widget elementor-widget-social-icons\" data-id=\"068cc53\" data-element_type=\"widget\" data-widget_type=\"social-icons.default\">\n\t\t\t\t<div class=\"elementor-widget-container\">\n\t\t\t\t\t\t\t<div class=\"elementor-social-icons-wrapper elementor-grid\">\n\t\t\t\t\t\t\t<span class=\"elementor-grid-item\">\n\t\t\t\t\t<a class=\"elementor-icon elementor-social-icon elementor-social-icon-facebook elementor-repeater-item-2bbc1b7\" target=\"_blank\">\n\t\t\t\t\t\t<span class=\"elementor-screen-only\">Facebook<\/span>\n\t\t\t\t\t\t<svg class=\"e-font-icon-svg e-fab-facebook\" viewBox=\"0 0 512 512\" xmlns=\"http:\/\/www.w3.org\/2000\/svg\"><path d=\"M504 256C504 119 393 8 256 8S8 119 8 256c0 123.78 90.69 226.38 209.25 245V327.69h-63V256h63v-54.64c0-62.15 37-96.48 93.67-96.48 27.14 0 55.52 4.84 55.52 4.84v61h-31.28c-30.8 0-40.41 19.12-40.41 38.73V256h68.78l-11 71.69h-57.78V501C413.31 482.38 504 379.78 504 256z\"><\/path><\/svg>\t\t\t\t\t<\/a>\n\t\t\t\t<\/span>\n\t\t\t\t\t\t\t<span class=\"elementor-grid-item\">\n\t\t\t\t\t<a class=\"elementor-icon elementor-social-icon elementor-social-icon-youtube elementor-repeater-item-9e37901\" target=\"_blank\">\n\t\t\t\t\t\t<span class=\"elementor-screen-only\">Youtube<\/span>\n\t\t\t\t\t\t<svg class=\"e-font-icon-svg e-fab-youtube\" viewBox=\"0 0 576 512\" xmlns=\"http:\/\/www.w3.org\/2000\/svg\"><path d=\"M549.655 124.083c-6.281-23.65-24.787-42.276-48.284-48.597C458.781 64 288 64 288 64S117.22 64 74.629 75.486c-23.497 6.322-42.003 24.947-48.284 48.597-11.412 42.867-11.412 132.305-11.412 132.305s0 89.438 11.412 132.305c6.281 23.65 24.787 41.5 48.284 47.821C117.22 448 288 448 288 448s170.78 0 213.371-11.486c23.497-6.321 42.003-24.171 48.284-47.821 11.412-42.867 11.412-132.305 11.412-132.305s0-89.438-11.412-132.305zm-317.51 213.508V175.185l142.739 81.205-142.739 81.201z\"><\/path><\/svg>\t\t\t\t\t<\/a>\n\t\t\t\t<\/span>\n\t\t\t\t\t\t\t<span class=\"elementor-grid-item\">\n\t\t\t\t\t<a class=\"elementor-icon elementor-social-icon elementor-social-icon-instagram elementor-repeater-item-901f5ce\" target=\"_blank\">\n\t\t\t\t\t\t<span class=\"elementor-screen-only\">Instagram<\/span>\n\t\t\t\t\t\t<svg class=\"e-font-icon-svg e-fab-instagram\" viewBox=\"0 0 448 512\" xmlns=\"http:\/\/www.w3.org\/2000\/svg\"><path d=\"M224.1 141c-63.6 0-114.9 51.3-114.9 114.9s51.3 114.9 114.9 114.9S339 319.5 339 255.9 287.7 141 224.1 141zm0 189.6c-41.1 0-74.7-33.5-74.7-74.7s33.5-74.7 74.7-74.7 74.7 33.5 74.7 74.7-33.6 74.7-74.7 74.7zm146.4-194.3c0 14.9-12 26.8-26.8 26.8-14.9 0-26.8-12-26.8-26.8s12-26.8 26.8-26.8 26.8 12 26.8 26.8zm76.1 27.2c-1.7-35.9-9.9-67.7-36.2-93.9-26.2-26.2-58-34.4-93.9-36.2-37-2.1-147.9-2.1-184.9 0-35.8 1.7-67.6 9.9-93.9 36.1s-34.4 58-36.2 93.9c-2.1 37-2.1 147.9 0 184.9 1.7 35.9 9.9 67.7 36.2 93.9s58 34.4 93.9 36.2c37 2.1 147.9 2.1 184.9 0 35.9-1.7 67.7-9.9 93.9-36.2 26.2-26.2 34.4-58 36.2-93.9 2.1-37 2.1-147.8 0-184.8zM398.8 388c-7.8 19.6-22.9 34.7-42.6 42.6-29.5 11.7-99.5 9-132.1 9s-102.7 2.6-132.1-9c-19.6-7.8-34.7-22.9-42.6-42.6-11.7-29.5-9-99.5-9-132.1s-2.6-102.7 9-132.1c7.8-19.6 22.9-34.7 42.6-42.6 29.5-11.7 99.5-9 132.1-9s102.7-2.6 132.1 9c19.6 7.8 34.7 22.9 42.6 42.6 11.7 29.5 9 99.5 9 132.1s2.7 102.7-9 132.1z\"><\/path><\/svg>\t\t\t\t\t<\/a>\n\t\t\t\t<\/span>\n\t\t\t\t\t<\/div>\n\t\t\t\t\t\t<\/div>\n\t\t\t\t<\/div>\n\t\t\t\t\t<\/div>\n\t\t\t\t<\/div>\n\t\t\t\t<\/div>\n\t\t","protected":false},"excerpt":{"rendered":"<p>PREGUNTAS FRECUENTES Preguntas Frecuentes &#8211; ALUMNI-UNACH \u25b6 1. \u00bfQu\u00e9 es la plataforma ALUMNI-UNACH? La plataforma Alumni- UNACH es un espacio virtual dise\u00f1ado para mantener el v\u00ednculo entre la Unach y sus graduados. \u25b6 2. \u00bfQui\u00e9nes pueden utilizar el sistema ALUMNI-UNACH? Todos los graduados de la Unach pueden utilizar el sistema de forma gratuita. \u25b6 3.<\/p>\n<div class=\"more-link\">\n\t\t\t\t <a href=\"https:\/\/alumni.unach.edu.ec\/index.php\/contacto\/\" class=\"link-btn\"><span>Seguir leyendo <\/span> <i class=\"icofont-thin-double-right\"><\/i><\/a>\n\t\t\t<\/div>\n","protected":false},"author":1,"featured_media":0,"parent":0,"menu_order":0,"comment_status":"closed","ping_status":"closed","template":"templates\/without-hero.php","meta":{"footnotes":""},"class_list":["post-171","page","type-page","status-publish","hentry"],"_links":{"self":[{"href":"https:\/\/alumni.unach.edu.ec\/index.php\/wp-json\/wp\/v2\/pages\/171","targetHints":{"allow":["GET"]}}],"collection":[{"href":"https:\/\/alumni.unach.edu.ec\/index.php\/wp-json\/wp\/v2\/pages"}],"about":[{"href":"https:\/\/alumni.unach.edu.ec\/index.php\/wp-json\/wp\/v2\/types\/page"}],"author":[{"embeddable":true,"href":"https:\/\/alumni.unach.edu.ec\/index.php\/wp-json\/wp\/v2\/users\/1"}],"replies":[{"embeddable":true,"href":"https:\/\/alumni.unach.edu.ec\/index.php\/wp-json\/wp\/v2\/comments?post=171"}],"version-history":[{"count":34,"href":"https:\/\/alumni.unach.edu.ec\/index.php\/wp-json\/wp\/v2\/pages\/171\/revisions"}],"predecessor-version":[{"id":1065,"href":"https:\/\/alumni.unach.edu.ec\/index.php\/wp-json\/wp\/v2\/pages\/171\/revisions\/1065"}],"wp:attachment":[{"href":"https:\/\/alumni.unach.edu.ec\/index.php\/wp-json\/wp\/v2\/media?parent=171"}],"curies":[{"name":"wp","href":"https:\/\/api.w.org\/{rel}","templated":true}]}}