{"id":516,"date":"2025-05-07T12:52:51","date_gmt":"2025-05-07T17:52:51","guid":{"rendered":"https:\/\/alumni.unach.edu.ec\/?page_id=516"},"modified":"2025-06-10T17:15:10","modified_gmt":"2025-06-10T22:15:10","slug":"tu-educacion-continua","status":"publish","type":"page","link":"https:\/\/alumni.unach.edu.ec\/index.php\/tu-educacion-continua\/","title":{"rendered":"TU EDUCACI\u00d3N CONTIN\u00daA"},"content":{"rendered":"\t\t<div data-elementor-type=\"wp-page\" data-elementor-id=\"516\" class=\"elementor elementor-516\">\n\t\t\t\t<div class=\"elementor-element elementor-element-1a522d5 e-flex e-con-boxed e-con e-parent\" data-id=\"1a522d5\" data-element_type=\"container\">\n\t\t\t\t\t<div class=\"e-con-inner\">\n\t\t\t\t<div class=\"elementor-element elementor-element-9a34ec2 elementor-widget elementor-widget-html\" data-id=\"9a34ec2\" data-element_type=\"widget\" data-widget_type=\"html.default\">\n\t\t\t\t<div class=\"elementor-widget-container\">\n\t\t\t\t\t<div class=\"custom-banner-container\" style=\"width: 100%; max-width: 1125px; margin: 0 auto; padding: 20px 80px; background: linear-gradient(90deg, #ff0000, #0e1424); border-radius: 15px; position: relative; overflow: hidden; min-height: 200px; font-family: Arial, sans-serif; color: white;\">\n    \n    <!-- Decorative Shapes -->\n    <div class=\"banner-shape\" style=\"position: absolute; width: 150px; height: 150px; background: rgba(255, 255, 255, 0.1); border-radius: 30%; filter: blur(60px); top: 10%; left: 10%;\"><\/div>\n    <div class=\"banner-shape\" style=\"position: absolute; width: 150px; height: 150px; background: rgba(255, 255, 255, 0.1); border-radius: 30%; filter: blur(60px); bottom: 15%; right: 20%;\"><\/div>\n\n    <!-- Text Content -->\n    <div class=\"banner-text-wrapper\" style=\"text-align: center; z-index: 2; position: relative;\">\n        <div id=\"bannerMainText\" class=\"banner-main-text\" style=\"font-size: clamp(28px, 5vw, 48px); font-weight: bold; line-height: 1.2; opacity: 0; transform: translateY(30px); transition: all 1s ease-out;\">Aprende sin l\u00edmites<\/div>\n        <div id=\"bannerSubText\" class=\"banner-sub-text\" style=\"font-size: clamp(16px, 3vw, 24px); margin-top: 20px; opacity: 0; transform: translateY(30px); transition: all 1s ease-out; display: block;\">Evoluciona constantemente<\/div>\n    <\/div>\n\n    <!-- Internal Styles (scoped to avoid Elementor conflicts) -->\n    <style type=\"text\/css\">\n        .custom-banner-container {\n            -webkit-font-smoothing: antialiased;\n            -moz-osx-font-smoothing: grayscale;\n        }\n\n        .banner-main-text.animated-text {\n            animation: glowEffect 2s infinite alternate;\n        }\n\n        @keyframes glowEffect {\n            from {\n                text-shadow: 0 0 10px #fff, 0 0 20px #ff416c, 0 0 30px #0072ff, 0 0 40px #0072ff;\n            }\n            to {\n                text-shadow: 0 0 20px #ff416c, 0 0 30px #0072ff, 0 0 40px #ff416c, 0 0 50px #0072ff;\n            }\n        }\n\n        @keyframes floatShape {\n            0%, 100% { transform: translate(0, 0) scale(1); }\n            50% { transform: translate(20px, -20px) scale(1.1); }\n        }\n\n        .banner-shape {\n            animation: floatShape 8s infinite ease-in-out;\n        }\n\n        .banner-shape:nth-child(2) {\n            animation-delay: 2s;\n        }\n\n        \/* Responsive Adjustments *\/\n        @media (max-width: 600px) {\n            .custom-banner-container {\n                padding: 30px 15px;\n                border-radius: 10px;\n            }\n        }\n    <\/style>\n\n    <!-- Script for Animation -->\n    <script>\n        (function () {\n            \/\/ Asegura que el DOM est\u00e9 completamente cargado\n            function onDOMContentLoaded(callback) {\n                if (document.readyState === 'loading') {\n                    document.addEventListener('DOMContentLoaded', callback);\n                } else {\n                    callback();\n                }\n            }\n\n            onDOMContentLoaded(function () {\n                const mainText = document.getElementById(\"bannerMainText\");\n                const subText = document.getElementById(\"bannerSubText\");\n\n                setTimeout(() => {\n                    mainText.style.opacity = \"1\";\n                    mainText.style.transform = \"translateY(0)\";\n                    mainText.classList.add(\"animated-text\");\n                }, 300);\n\n                setTimeout(() => {\n                    subText.style.opacity = \"1\";\n                    subText.style.transform = \"translateY(0)\";\n                }, 800);\n            });\n        })();\n    <\/script>\n<\/div>\t\t\t\t<\/div>\n\t\t\t\t<\/div>\n\t\t\t\t\t<\/div>\n\t\t\t\t<\/div>\n\t\t<div class=\"elementor-element elementor-element-48d8d23 e-flex e-con-boxed e-con e-parent\" data-id=\"48d8d23\" data-element_type=\"container\">\n\t\t\t\t\t<div class=\"e-con-inner\">\n\t\t\t\t<div class=\"elementor-element elementor-element-6f4c6f9 elementor-widget elementor-widget-text-editor\" data-id=\"6f4c6f9\" data-element_type=\"widget\" data-widget_type=\"text-editor.default\">\n\t\t\t\t<div class=\"elementor-widget-container\">\n\t\t\t\t\t\t\t\t\t<p>Mantente informado sobre capacitaciones, cursos, talleres y eventos exclusivos para nuestra\u00a0comunidad.<\/p>\t\t\t\t\t\t\t\t<\/div>\n\t\t\t\t<\/div>\n\t\t\t\t\t<\/div>\n\t\t\t\t<\/div>\n\t\t<div class=\"elementor-element elementor-element-6076373 e-flex e-con-boxed e-con e-parent\" data-id=\"6076373\" data-element_type=\"container\">\n\t\t\t\t\t<div class=\"e-con-inner\">\n\t\t\t\t<div class=\"elementor-element elementor-element-2bb9c18 elementor-widget elementor-widget-html\" data-id=\"2bb9c18\" data-element_type=\"widget\" data-widget_type=\"html.default\">\n\t\t\t\t<div class=\"elementor-widget-container\">\n\t\t\t\t\t<div class=\"simple-card-container\">\n    <!-- Card 1 -->\n    <div class=\"card\">\n        <a href=\"https:\/\/alumni.unach.edu.ec\/index.php\/cursos-mooc\/\" target=\"_blank\">\n            <img decoding=\"async\" src=\"https:\/\/alumni.unach.edu.ec\/wp-content\/uploads\/2025\/05\/cursos_moocs.jpg\" alt=\"Cursos MOOC\">\n            <div class=\"card-text\">\n                <h3>Cursos MOOC<\/h3>\n                <p>Contin\u00faa aprendiendo con nosotros<\/p>\n            <\/div>\n        <\/a>\n    <\/div>\n\n    <!-- Card 2 -->\n    <div class=\"card\">\n        <a href=\"https:\/\/alumni.unach.edu.ec\/index.php\/eventos-academicos-y-networking\/\" target=\"_blank\">\n            <img decoding=\"async\" src=\"https:\/\/alumni.unach.edu.ec\/wp-content\/uploads\/2025\/05\/eventos-academicos-.jpg\" alt=\"Eventos Acad\u00e9micos\">\n            <div class=\"card-text\">\n                <h3>Eventos acad\u00e9micos y networking<\/h3>\n            <\/div>\n        <\/a>\n    <\/div>\n\n    <!-- Card 3 -->\n    <div class=\"card\">\n        <a href=\"https:\/\/alumni.unach.edu.ec\/index.php\/cursos-gratuitos\/\" target=\"_blank\">\n            <img decoding=\"async\" src=\"https:\/\/alumni.unach.edu.ec\/wp-content\/uploads\/2025\/05\/cursos_gratuitos.jpg\" alt=\"Cursos Gratuitos\">\n            <div class=\"card-text\">\n                <h3>Cursos gratuitos<\/h3>\n                <p>Capac\u00edtate en las mejores plataformas del mundo. Totalmente gratis.<\/p>\n            <\/div>\n        <\/a>\n    <\/div>\n<\/div>\n\n<style>\n    .simple-card-container {\n        display: flex;\n        justify-content: space-between;\n        gap: 20px;\n        flex-wrap: wrap;\n        font-family: Georgia, serif;\n        padding: 20px;\n    }\n\n    .card {\n        flex: 1 1 calc(33.33% - 15px);\n        max-width: calc(33.33% - 15px);\n        overflow: hidden;\n        border-radius: 10px;\n        background-color: transparent;\n        transition: transform 0.3s ease, box-shadow 0.3s ease;\n        text-align: center; \/* Centrado general *\/\n    }\n\n    .card img {\n        width: 100%;\n        height: auto;\n        object-fit: cover;\n        border-radius: 10px;\n        transition: transform 0.3s ease;\n    }\n\n    .card:hover img {\n        transform: scale(1.05);\n    }\n\n    .card a {\n        display: block;\n        text-decoration: none;\n        color: #0e1424;\n    }\n\n    .card-text {\n        padding: 15px;\n        margin-top: 8px;\n        background-color: rgba(255, 255, 255, 0.7); \/* Fondo semi-transparente opcional *\/\n        backdrop-filter: blur(4px); \/* Efecto glassmorphism (opcional) *\/\n        text-align: center; \/* Centra el texto dentro del contenedor *\/\n    }\n\n    .card-text h3 {\n        font-size: 18px;\n        margin-bottom: 5px;\n        color: #0e1424;\n    }\n\n    .card-text p {\n        font-size: 14px;\n        color: #555;\n        margin: 0;\n        text-align: center; \/* Justifica el p\u00e1rrafo al centro *\/\n    }\n\n    @media (max-width: 900px) {\n        .card {\n            flex: 1 1 calc(50% - 15px);\n            max-width: calc(50% - 15px);\n        }\n    }\n\n    @media (max-width: 600px) {\n        .card {\n            flex: 1 1 100%;\n            max-width: 100%;\n        }\n\n        .card-text {\n            background-color: rgba(255, 255, 255, 0.85);\n        }\n    }\n<\/style>\n\t\t\t\t<\/div>\n\t\t\t\t<\/div>\n\t\t\t\t\t<\/div>\n\t\t\t\t<\/div>\n\t\t\t\t<\/div>\n\t\t","protected":false},"excerpt":{"rendered":"<p>Aprende sin l\u00edmites Evoluciona constantemente Mantente informado sobre capacitaciones, cursos, talleres y eventos exclusivos para nuestra\u00a0comunidad. Cursos MOOC Contin\u00faa aprendiendo con nosotros Eventos acad\u00e9micos y networking Cursos gratuitos Capac\u00edtate en las mejores plataformas del mundo. Totalmente gratis.<\/p>\n","protected":false},"author":1,"featured_media":0,"parent":0,"menu_order":0,"comment_status":"closed","ping_status":"closed","template":"templates\/without-hero.php","meta":{"footnotes":""},"class_list":["post-516","page","type-page","status-publish","hentry"],"_links":{"self":[{"href":"https:\/\/alumni.unach.edu.ec\/index.php\/wp-json\/wp\/v2\/pages\/516","targetHints":{"allow":["GET"]}}],"collection":[{"href":"https:\/\/alumni.unach.edu.ec\/index.php\/wp-json\/wp\/v2\/pages"}],"about":[{"href":"https:\/\/alumni.unach.edu.ec\/index.php\/wp-json\/wp\/v2\/types\/page"}],"author":[{"embeddable":true,"href":"https:\/\/alumni.unach.edu.ec\/index.php\/wp-json\/wp\/v2\/users\/1"}],"replies":[{"embeddable":true,"href":"https:\/\/alumni.unach.edu.ec\/index.php\/wp-json\/wp\/v2\/comments?post=516"}],"version-history":[{"count":37,"href":"https:\/\/alumni.unach.edu.ec\/index.php\/wp-json\/wp\/v2\/pages\/516\/revisions"}],"predecessor-version":[{"id":1211,"href":"https:\/\/alumni.unach.edu.ec\/index.php\/wp-json\/wp\/v2\/pages\/516\/revisions\/1211"}],"wp:attachment":[{"href":"https:\/\/alumni.unach.edu.ec\/index.php\/wp-json\/wp\/v2\/media?parent=516"}],"curies":[{"name":"wp","href":"https:\/\/api.w.org\/{rel}","templated":true}]}}