{"id":536,"date":"2025-05-07T14:45:05","date_gmt":"2025-05-07T19:45:05","guid":{"rendered":"https:\/\/alumni.unach.edu.ec\/?page_id=536"},"modified":"2025-05-08T16:40:07","modified_gmt":"2025-05-08T21:40:07","slug":"dylan-jaramillo","status":"publish","type":"page","link":"https:\/\/alumni.unach.edu.ec\/index.php\/dylan-jaramillo\/","title":{"rendered":"Dylan Jaramillo"},"content":{"rendered":"<p><img fetchpriority=\"high\" decoding=\"async\" class=\"size-medium wp-image-464 alignleft\" src=\"https:\/\/alumni.unach.edu.ec\/wp-content\/uploads\/2025\/05\/6-300x300.jpg\" alt=\"\" width=\"300\" height=\"300\" srcset=\"https:\/\/alumni.unach.edu.ec\/wp-content\/uploads\/2025\/05\/6-300x300.jpg 300w, https:\/\/alumni.unach.edu.ec\/wp-content\/uploads\/2025\/05\/6-1024x1024.jpg 1024w, https:\/\/alumni.unach.edu.ec\/wp-content\/uploads\/2025\/05\/6-150x150.jpg 150w, https:\/\/alumni.unach.edu.ec\/wp-content\/uploads\/2025\/05\/6-768x768.jpg 768w, https:\/\/alumni.unach.edu.ec\/wp-content\/uploads\/2025\/05\/6.jpg 1200w\" sizes=\"(max-width: 300px) 100vw, 300px\" \/><\/p>\n<p style=\"text-align: justify;\"><strong>Dylan Alejandro Jaramillo Soria<\/strong>, Ingeniero en Tecnolog\u00edas de la Informaci\u00f3n por la UNACH y mag\u00edster egresado por la Universidad IEXE de M\u00e9xico, es un referente de innovaci\u00f3n y compromiso social. Desde su etapa universitaria se destac\u00f3 como Microsoft Learn Student Ambassador y miembro activo de DSoft.net, promoviendo la formaci\u00f3n en tecnolog\u00edas emergentes.<\/p>\n<p style=\"text-align: justify;\">Su proyecto de titulaci\u00f3n sobre realidad mixta aplicada al turismo comunitario refleja su visi\u00f3n transformadora. En el \u00e1mbito profesional, ha liderado \u00e1reas de TICs en el sector privado y educativo, y actualmente dirige la <strong>Gesti\u00f3n de Tecnolog\u00edas de la Informaci\u00f3n del GAD Municipal de Riobamba<\/strong>, impulsando el gemelo digital para posicionar a la ciudad como un modelo de ciudad inteligente.<\/p>\n<p style=\"text-align: justify;\">Para Dylan, la UNACH fue el punto de partida para crecer, conectar con la tecnolog\u00eda y aportar soluciones que impacten en la sociedad.<\/p>\n<p style=\"text-align: justify;\"><em>\u201cLa tecnolog\u00eda es el puente entre el conocimiento y el desarrollo sostenible. La UNACH me ense\u00f1\u00f3 a cruzarlo con prop\u00f3sito y liderazgo.\u201d<\/em><\/p>\n","protected":false},"excerpt":{"rendered":"<p>Dylan Alejandro Jaramillo Soria, Ingeniero en Tecnolog\u00edas de la Informaci\u00f3n por la UNACH y mag\u00edster egresado por la Universidad IEXE de M\u00e9xico, es un referente de innovaci\u00f3n y compromiso social. Desde su etapa universitaria se destac\u00f3 como Microsoft Learn Student Ambassador y miembro activo de DSoft.net, promoviendo la formaci\u00f3n en tecnolog\u00edas emergentes. Su proyecto de<\/p>\n<div class=\"more-link\">\n\t\t\t\t <a href=\"https:\/\/alumni.unach.edu.ec\/index.php\/dylan-jaramillo\/\" class=\"link-btn\"><span>Seguir leyendo <\/span> <i class=\"icofont-thin-double-right\"><\/i><\/a>\n\t\t\t<\/div>\n","protected":false},"author":1,"featured_media":0,"parent":0,"menu_order":0,"comment_status":"closed","ping_status":"closed","template":"templates\/without-hero.php","meta":{"footnotes":""},"class_list":["post-536","page","type-page","status-publish","hentry"],"_links":{"self":[{"href":"https:\/\/alumni.unach.edu.ec\/index.php\/wp-json\/wp\/v2\/pages\/536","targetHints":{"allow":["GET"]}}],"collection":[{"href":"https:\/\/alumni.unach.edu.ec\/index.php\/wp-json\/wp\/v2\/pages"}],"about":[{"href":"https:\/\/alumni.unach.edu.ec\/index.php\/wp-json\/wp\/v2\/types\/page"}],"author":[{"embeddable":true,"href":"https:\/\/alumni.unach.edu.ec\/index.php\/wp-json\/wp\/v2\/users\/1"}],"replies":[{"embeddable":true,"href":"https:\/\/alumni.unach.edu.ec\/index.php\/wp-json\/wp\/v2\/comments?post=536"}],"version-history":[{"count":2,"href":"https:\/\/alumni.unach.edu.ec\/index.php\/wp-json\/wp\/v2\/pages\/536\/revisions"}],"predecessor-version":[{"id":1101,"href":"https:\/\/alumni.unach.edu.ec\/index.php\/wp-json\/wp\/v2\/pages\/536\/revisions\/1101"}],"wp:attachment":[{"href":"https:\/\/alumni.unach.edu.ec\/index.php\/wp-json\/wp\/v2\/media?parent=536"}],"curies":[{"name":"wp","href":"https:\/\/api.w.org\/{rel}","templated":true}]}}