{"id":559,"date":"2025-05-07T15:13:04","date_gmt":"2025-05-07T20:13:04","guid":{"rendered":"https:\/\/alumni.unach.edu.ec\/?page_id=559"},"modified":"2025-05-08T16:41:19","modified_gmt":"2025-05-08T21:41:19","slug":"ruben-dario-orna","status":"publish","type":"page","link":"https:\/\/alumni.unach.edu.ec\/index.php\/ruben-dario-orna\/","title":{"rendered":"Rub\u00e9n Dar\u00edo Orna"},"content":{"rendered":"<p><img fetchpriority=\"high\" decoding=\"async\" class=\"size-medium wp-image-462 alignleft\" src=\"https:\/\/alumni.unach.edu.ec\/wp-content\/uploads\/2025\/05\/4-300x300.jpg\" alt=\"\" width=\"300\" height=\"300\" srcset=\"https:\/\/alumni.unach.edu.ec\/wp-content\/uploads\/2025\/05\/4-300x300.jpg 300w, https:\/\/alumni.unach.edu.ec\/wp-content\/uploads\/2025\/05\/4-1024x1024.jpg 1024w, https:\/\/alumni.unach.edu.ec\/wp-content\/uploads\/2025\/05\/4-150x150.jpg 150w, https:\/\/alumni.unach.edu.ec\/wp-content\/uploads\/2025\/05\/4-768x768.jpg 768w, https:\/\/alumni.unach.edu.ec\/wp-content\/uploads\/2025\/05\/4.jpg 1200w\" sizes=\"(max-width: 300px) 100vw, 300px\" \/><\/p>\n<p style=\"text-align: justify;\"><strong>Rub\u00e9n Dar\u00edo Orna Sanipat\u00edn<\/strong> es Licenciado en Ciencias de la Educaci\u00f3n con especializaci\u00f3n en Inform\u00e1tica Aplicada. Desde su graduaci\u00f3n en 2024, ha forjado una destacada trayectoria como docente, gestor educativo y l\u00edder comunitario. Ha sido parte de importantes procesos acad\u00e9micos como la creaci\u00f3n de la carrera de Tecnolog\u00eda en Ensamblaje de Computadoras y actualmente se desempe\u00f1a como rector de la Unidad Educativa \u201cPedro Vicente Maldonado\u201d. Su visi\u00f3n se proyecta hacia el impulso del desarrollo rural mediante institutos tecnol\u00f3gicos y unidades de emprendimiento sostenible.<\/p>\n<p style=\"text-align: justify;\">Para Rub\u00e9n, la UNACH fue el espacio donde adquiri\u00f3 las herramientas para transformar su entorno, destacando el compromiso y gu\u00eda de sus docentes y su experiencia como dirigente estudiantil.<\/p>\n<p style=\"text-align: justify;\"><em>\u00abMi paso por la UNACH marc\u00f3 mi vida. Hoy, cada decisi\u00f3n que tomo en el aula o en la gesti\u00f3n educativa tiene el sello de esa formaci\u00f3n humanista y transformadora.\u00bb<\/em><\/p>\n","protected":false},"excerpt":{"rendered":"<p>Rub\u00e9n Dar\u00edo Orna Sanipat\u00edn es Licenciado en Ciencias de la Educaci\u00f3n con especializaci\u00f3n en Inform\u00e1tica Aplicada. Desde su graduaci\u00f3n en 2024, ha forjado una destacada trayectoria como docente, gestor educativo y l\u00edder comunitario. Ha sido parte de importantes procesos acad\u00e9micos como la creaci\u00f3n de la carrera de Tecnolog\u00eda en Ensamblaje de Computadoras y actualmente se<\/p>\n<div class=\"more-link\">\n\t\t\t\t <a href=\"https:\/\/alumni.unach.edu.ec\/index.php\/ruben-dario-orna\/\" class=\"link-btn\"><span>Seguir leyendo <\/span> <i class=\"icofont-thin-double-right\"><\/i><\/a>\n\t\t\t<\/div>\n","protected":false},"author":1,"featured_media":0,"parent":0,"menu_order":0,"comment_status":"closed","ping_status":"closed","template":"templates\/without-hero.php","meta":{"footnotes":""},"class_list":["post-559","page","type-page","status-publish","hentry"],"_links":{"self":[{"href":"https:\/\/alumni.unach.edu.ec\/index.php\/wp-json\/wp\/v2\/pages\/559","targetHints":{"allow":["GET"]}}],"collection":[{"href":"https:\/\/alumni.unach.edu.ec\/index.php\/wp-json\/wp\/v2\/pages"}],"about":[{"href":"https:\/\/alumni.unach.edu.ec\/index.php\/wp-json\/wp\/v2\/types\/page"}],"author":[{"embeddable":true,"href":"https:\/\/alumni.unach.edu.ec\/index.php\/wp-json\/wp\/v2\/users\/1"}],"replies":[{"embeddable":true,"href":"https:\/\/alumni.unach.edu.ec\/index.php\/wp-json\/wp\/v2\/comments?post=559"}],"version-history":[{"count":2,"href":"https:\/\/alumni.unach.edu.ec\/index.php\/wp-json\/wp\/v2\/pages\/559\/revisions"}],"predecessor-version":[{"id":1103,"href":"https:\/\/alumni.unach.edu.ec\/index.php\/wp-json\/wp\/v2\/pages\/559\/revisions\/1103"}],"wp:attachment":[{"href":"https:\/\/alumni.unach.edu.ec\/index.php\/wp-json\/wp\/v2\/media?parent=559"}],"curies":[{"name":"wp","href":"https:\/\/api.w.org\/{rel}","templated":true}]}}