{"id":564,"date":"2025-05-07T15:16:10","date_gmt":"2025-05-07T20:16:10","guid":{"rendered":"https:\/\/alumni.unach.edu.ec\/?page_id=564"},"modified":"2025-05-08T16:34:53","modified_gmt":"2025-05-08T21:34:53","slug":"carlos-insuaste","status":"publish","type":"page","link":"https:\/\/alumni.unach.edu.ec\/index.php\/carlos-insuaste\/","title":{"rendered":"Carlos Insuaste"},"content":{"rendered":"<p><img fetchpriority=\"high\" decoding=\"async\" class=\"size-medium wp-image-461 alignleft\" src=\"https:\/\/alumni.unach.edu.ec\/wp-content\/uploads\/2025\/05\/3-300x300.jpg\" alt=\"\" width=\"300\" height=\"300\" srcset=\"https:\/\/alumni.unach.edu.ec\/wp-content\/uploads\/2025\/05\/3-300x300.jpg 300w, https:\/\/alumni.unach.edu.ec\/wp-content\/uploads\/2025\/05\/3-1024x1024.jpg 1024w, https:\/\/alumni.unach.edu.ec\/wp-content\/uploads\/2025\/05\/3-150x150.jpg 150w, https:\/\/alumni.unach.edu.ec\/wp-content\/uploads\/2025\/05\/3-768x768.jpg 768w, https:\/\/alumni.unach.edu.ec\/wp-content\/uploads\/2025\/05\/3.jpg 1200w\" sizes=\"(max-width: 300px) 100vw, 300px\" \/><\/p>\n<p style=\"text-align: justify;\"><strong>Carlos Insuaste Vaca<\/strong>, Licenciado en Pedagog\u00eda de la Historia y Ciencias Sociales por la UNACH (2023), ha representado al Ecuador en cinco ocasiones gracias a su destacada trayectoria acad\u00e9mica y su compromiso con el liderazgo juvenil y la construcci\u00f3n de paz.<\/p>\n<p style=\"text-align: justify;\">Fue el \u00fanico ecuatoriano ganador de la <strong>Beca Fundaci\u00f3n Bot\u00edn<\/strong> (2022), la <strong>Beca J\u00f3venes Constructores de Paz de la ONU (UNAOC)<\/strong> (2024) y una <strong>beca de Fundaci\u00f3n Carolina<\/strong> el mismo a\u00f1o. Tambi\u00e9n particip\u00f3 en un curso de verano en <strong>Harvard<\/strong> y en el <strong>XV Encuentro Alumni Fundaci\u00f3n Bot\u00edn<\/strong> en Colombia.<\/p>\n<p style=\"text-align: justify;\">Actualmente, Carlos se enfoca en proyectos con impacto social y participaci\u00f3n ciudadana, so\u00f1ando con volver a la UNACH como docente.<\/p>\n<p style=\"text-align: justify;\"><em>\u201cLa UNACH me form\u00f3 y me impuls\u00f3 a so\u00f1ar en grande. Gracias a sus docentes y su enfoque humanista, hoy puedo dejar el nombre de nuestra universidad en alto, aqu\u00ed y fuera del pa\u00eds.\u201d<\/em><\/p>\n","protected":false},"excerpt":{"rendered":"<p>Carlos Insuaste Vaca, Licenciado en Pedagog\u00eda de la Historia y Ciencias Sociales por la UNACH (2023), ha representado al Ecuador en cinco ocasiones gracias a su destacada trayectoria acad\u00e9mica y su compromiso con el liderazgo juvenil y la construcci\u00f3n de paz. Fue el \u00fanico ecuatoriano ganador de la Beca Fundaci\u00f3n Bot\u00edn (2022), la Beca J\u00f3venes<\/p>\n<div class=\"more-link\">\n\t\t\t\t <a href=\"https:\/\/alumni.unach.edu.ec\/index.php\/carlos-insuaste\/\" class=\"link-btn\"><span>Seguir leyendo <\/span> <i class=\"icofont-thin-double-right\"><\/i><\/a>\n\t\t\t<\/div>\n","protected":false},"author":1,"featured_media":0,"parent":0,"menu_order":0,"comment_status":"closed","ping_status":"closed","template":"templates\/without-hero.php","meta":{"footnotes":""},"class_list":["post-564","page","type-page","status-publish","hentry"],"_links":{"self":[{"href":"https:\/\/alumni.unach.edu.ec\/index.php\/wp-json\/wp\/v2\/pages\/564","targetHints":{"allow":["GET"]}}],"collection":[{"href":"https:\/\/alumni.unach.edu.ec\/index.php\/wp-json\/wp\/v2\/pages"}],"about":[{"href":"https:\/\/alumni.unach.edu.ec\/index.php\/wp-json\/wp\/v2\/types\/page"}],"author":[{"embeddable":true,"href":"https:\/\/alumni.unach.edu.ec\/index.php\/wp-json\/wp\/v2\/users\/1"}],"replies":[{"embeddable":true,"href":"https:\/\/alumni.unach.edu.ec\/index.php\/wp-json\/wp\/v2\/comments?post=564"}],"version-history":[{"count":4,"href":"https:\/\/alumni.unach.edu.ec\/index.php\/wp-json\/wp\/v2\/pages\/564\/revisions"}],"predecessor-version":[{"id":1091,"href":"https:\/\/alumni.unach.edu.ec\/index.php\/wp-json\/wp\/v2\/pages\/564\/revisions\/1091"}],"wp:attachment":[{"href":"https:\/\/alumni.unach.edu.ec\/index.php\/wp-json\/wp\/v2\/media?parent=564"}],"curies":[{"name":"wp","href":"https:\/\/api.w.org\/{rel}","templated":true}]}}