{"id":570,"date":"2025-05-07T15:18:09","date_gmt":"2025-05-07T20:18:09","guid":{"rendered":"https:\/\/alumni.unach.edu.ec\/?page_id=570"},"modified":"2025-05-08T16:40:43","modified_gmt":"2025-05-08T21:40:43","slug":"maria-belen-andrade","status":"publish","type":"page","link":"https:\/\/alumni.unach.edu.ec\/index.php\/maria-belen-andrade\/","title":{"rendered":"Mar\u00eda Bel\u00e9n Andrade"},"content":{"rendered":"<p><img fetchpriority=\"high\" decoding=\"async\" class=\"size-medium wp-image-459 alignleft\" src=\"https:\/\/alumni.unach.edu.ec\/wp-content\/uploads\/2025\/05\/1-300x300.jpg\" alt=\"\" width=\"300\" height=\"300\" srcset=\"https:\/\/alumni.unach.edu.ec\/wp-content\/uploads\/2025\/05\/1-300x300.jpg 300w, https:\/\/alumni.unach.edu.ec\/wp-content\/uploads\/2025\/05\/1-1024x1024.jpg 1024w, https:\/\/alumni.unach.edu.ec\/wp-content\/uploads\/2025\/05\/1-150x150.jpg 150w, https:\/\/alumni.unach.edu.ec\/wp-content\/uploads\/2025\/05\/1-768x768.jpg 768w, https:\/\/alumni.unach.edu.ec\/wp-content\/uploads\/2025\/05\/1.jpg 1200w\" sizes=\"(max-width: 300px) 100vw, 300px\" \/><\/p>\n<p style=\"text-align: justify;\"><strong>Mar\u00eda Bel\u00e9n Andrade Manzano<\/strong> es Abogada por la UNACH (2014) y cuenta con una s\u00f3lida formaci\u00f3n acad\u00e9mica de posgrado en Derecho Constitucional, Derecho Procesal y Relaciones Internacionales. Su experiencia profesional abarca funciones clave en el Ministerio de Defensa Nacional y la Asamblea Nacional del Ecuador, as\u00ed como el patrocinio de causas emblem\u00e1ticas en defensa del Estado, especialmente en el \u00e1mbito constitucional. Adem\u00e1s, ha ejercido la docencia universitaria en varias instituciones de prestigio, consolidando su compromiso con la educaci\u00f3n y el servicio p\u00fablico.<\/p>\n<p style=\"text-align: justify;\">Para Mar\u00eda Bel\u00e9n, la UNACH fue mucho m\u00e1s que una universidad: fue el espacio donde descubri\u00f3 su vocaci\u00f3n por el Derecho con \u00e9tica, pensamiento cr\u00edtico y pasi\u00f3n transformadora.<\/p>\n<p style=\"text-align: justify;\"><em>\u201cLa UNACH me ense\u00f1\u00f3 que la verdadera excelencia profesional comienza por ser, ante todo, una buena persona. All\u00ed aprend\u00ed a cuestionar con valent\u00eda, a servir con honradez y a construir un camino de impacto desde el Derecho.\u201d<\/em><\/p>\n","protected":false},"excerpt":{"rendered":"<p>Mar\u00eda Bel\u00e9n Andrade Manzano es Abogada por la UNACH (2014) y cuenta con una s\u00f3lida formaci\u00f3n acad\u00e9mica de posgrado en Derecho Constitucional, Derecho Procesal y Relaciones Internacionales. Su experiencia profesional abarca funciones clave en el Ministerio de Defensa Nacional y la Asamblea Nacional del Ecuador, as\u00ed como el patrocinio de causas emblem\u00e1ticas en defensa del<\/p>\n<div class=\"more-link\">\n\t\t\t\t <a href=\"https:\/\/alumni.unach.edu.ec\/index.php\/maria-belen-andrade\/\" class=\"link-btn\"><span>Seguir leyendo <\/span> <i class=\"icofont-thin-double-right\"><\/i><\/a>\n\t\t\t<\/div>\n","protected":false},"author":1,"featured_media":0,"parent":0,"menu_order":0,"comment_status":"closed","ping_status":"closed","template":"templates\/without-hero.php","meta":{"footnotes":""},"class_list":["post-570","page","type-page","status-publish","hentry"],"_links":{"self":[{"href":"https:\/\/alumni.unach.edu.ec\/index.php\/wp-json\/wp\/v2\/pages\/570","targetHints":{"allow":["GET"]}}],"collection":[{"href":"https:\/\/alumni.unach.edu.ec\/index.php\/wp-json\/wp\/v2\/pages"}],"about":[{"href":"https:\/\/alumni.unach.edu.ec\/index.php\/wp-json\/wp\/v2\/types\/page"}],"author":[{"embeddable":true,"href":"https:\/\/alumni.unach.edu.ec\/index.php\/wp-json\/wp\/v2\/users\/1"}],"replies":[{"embeddable":true,"href":"https:\/\/alumni.unach.edu.ec\/index.php\/wp-json\/wp\/v2\/comments?post=570"}],"version-history":[{"count":2,"href":"https:\/\/alumni.unach.edu.ec\/index.php\/wp-json\/wp\/v2\/pages\/570\/revisions"}],"predecessor-version":[{"id":1102,"href":"https:\/\/alumni.unach.edu.ec\/index.php\/wp-json\/wp\/v2\/pages\/570\/revisions\/1102"}],"wp:attachment":[{"href":"https:\/\/alumni.unach.edu.ec\/index.php\/wp-json\/wp\/v2\/media?parent=570"}],"curies":[{"name":"wp","href":"https:\/\/api.w.org\/{rel}","templated":true}]}}