{"id":576,"date":"2025-05-07T15:20:59","date_gmt":"2025-05-07T20:20:59","guid":{"rendered":"https:\/\/alumni.unach.edu.ec\/?page_id=576"},"modified":"2025-05-08T16:37:20","modified_gmt":"2025-05-08T21:37:20","slug":"cristian-caiza-asitimbay","status":"publish","type":"page","link":"https:\/\/alumni.unach.edu.ec\/index.php\/cristian-caiza-asitimbay\/","title":{"rendered":"Cristian Caiza Asitimbay"},"content":{"rendered":"<p><img fetchpriority=\"high\" decoding=\"async\" class=\"size-medium wp-image-460 alignleft\" src=\"https:\/\/alumni.unach.edu.ec\/wp-content\/uploads\/2025\/05\/2-300x300.jpg\" alt=\"\" width=\"300\" height=\"300\" srcset=\"https:\/\/alumni.unach.edu.ec\/wp-content\/uploads\/2025\/05\/2-300x300.jpg 300w, https:\/\/alumni.unach.edu.ec\/wp-content\/uploads\/2025\/05\/2-1024x1024.jpg 1024w, https:\/\/alumni.unach.edu.ec\/wp-content\/uploads\/2025\/05\/2-150x150.jpg 150w, https:\/\/alumni.unach.edu.ec\/wp-content\/uploads\/2025\/05\/2-768x768.jpg 768w, https:\/\/alumni.unach.edu.ec\/wp-content\/uploads\/2025\/05\/2.jpg 1200w\" sizes=\"(max-width: 300px) 100vw, 300px\" \/><\/p>\n<p style=\"text-align: justify;\"><strong>Cristian Caiza Asitimbay<\/strong>, Abogado por la UNACH (2014), ha construido una destacada carrera acad\u00e9mica y profesional en el Derecho P\u00fablico. Estudi\u00f3 Psicolog\u00eda en la Universidad T\u00e9cnica Particular de Loja, se especializ\u00f3 en Derecho Constitucional en la Universidad Andina Sim\u00f3n Bol\u00edvar y actualmente cursa un doctorado en Ciencias Jur\u00eddicas en la Pontificia Universidad Cat\u00f3lica de Argentina, con enfoque en Filosof\u00eda del Derecho.<\/p>\n<p style=\"text-align: justify;\">Su vocaci\u00f3n por la docencia naci\u00f3 en las aulas de la UNACH y hoy la ejerce con pasi\u00f3n, dictando clases de pregrado y posgrado. Volver a la UNACH como docente en la Maestr\u00eda en Derecho Constitucional ha sido, en sus palabras, \u201cuna experiencia profundamente significativa\u201d.<\/p>\n<p style=\"text-align: justify;\">Desde hace seis a\u00f1os, trabaja en la <strong>Corte Constitucional del Ecuador<\/strong>, donde actualmente es jefe de despacho jurisdiccional, contribuyendo al fortalecimiento de la justicia constitucional.<\/p>\n<p style=\"text-align: justify;\"><em>\u201cLa UNACH es una comunidad donde aprend\u00ed que ser buena persona es el punto de partida para llegar lejos.\u201d<\/em><\/p>\n","protected":false},"excerpt":{"rendered":"<p>Cristian Caiza Asitimbay, Abogado por la UNACH (2014), ha construido una destacada carrera acad\u00e9mica y profesional en el Derecho P\u00fablico. Estudi\u00f3 Psicolog\u00eda en la Universidad T\u00e9cnica Particular de Loja, se especializ\u00f3 en Derecho Constitucional en la Universidad Andina Sim\u00f3n Bol\u00edvar y actualmente cursa un doctorado en Ciencias Jur\u00eddicas en la Pontificia Universidad Cat\u00f3lica de Argentina,<\/p>\n<div class=\"more-link\">\n\t\t\t\t <a href=\"https:\/\/alumni.unach.edu.ec\/index.php\/cristian-caiza-asitimbay\/\" class=\"link-btn\"><span>Seguir leyendo <\/span> <i class=\"icofont-thin-double-right\"><\/i><\/a>\n\t\t\t<\/div>\n","protected":false},"author":1,"featured_media":0,"parent":0,"menu_order":0,"comment_status":"closed","ping_status":"closed","template":"templates\/without-hero.php","meta":{"footnotes":""},"class_list":["post-576","page","type-page","status-publish","hentry"],"_links":{"self":[{"href":"https:\/\/alumni.unach.edu.ec\/index.php\/wp-json\/wp\/v2\/pages\/576","targetHints":{"allow":["GET"]}}],"collection":[{"href":"https:\/\/alumni.unach.edu.ec\/index.php\/wp-json\/wp\/v2\/pages"}],"about":[{"href":"https:\/\/alumni.unach.edu.ec\/index.php\/wp-json\/wp\/v2\/types\/page"}],"author":[{"embeddable":true,"href":"https:\/\/alumni.unach.edu.ec\/index.php\/wp-json\/wp\/v2\/users\/1"}],"replies":[{"embeddable":true,"href":"https:\/\/alumni.unach.edu.ec\/index.php\/wp-json\/wp\/v2\/comments?post=576"}],"version-history":[{"count":2,"href":"https:\/\/alumni.unach.edu.ec\/index.php\/wp-json\/wp\/v2\/pages\/576\/revisions"}],"predecessor-version":[{"id":1098,"href":"https:\/\/alumni.unach.edu.ec\/index.php\/wp-json\/wp\/v2\/pages\/576\/revisions\/1098"}],"wp:attachment":[{"href":"https:\/\/alumni.unach.edu.ec\/index.php\/wp-json\/wp\/v2\/media?parent=576"}],"curies":[{"name":"wp","href":"https:\/\/api.w.org\/{rel}","templated":true}]}}