{"id":93,"date":"2025-03-21T17:13:02","date_gmt":"2025-03-21T22:13:02","guid":{"rendered":"https:\/\/alumni.unach.edu.ec\/?page_id=93"},"modified":"2025-05-08T17:02:57","modified_gmt":"2025-05-08T22:02:57","slug":"quienes-somos","status":"publish","type":"page","link":"https:\/\/alumni.unach.edu.ec\/index.php\/quienes-somos\/","title":{"rendered":"QUIENES SOMOS"},"content":{"rendered":"\t\t<div data-elementor-type=\"wp-page\" data-elementor-id=\"93\" class=\"elementor elementor-93\">\n\t\t\t\t<div class=\"elementor-element elementor-element-0e5e57e e-flex e-con-boxed e-con e-parent\" data-id=\"0e5e57e\" data-element_type=\"container\">\n\t\t\t\t\t<div class=\"e-con-inner\">\n\t\t<div class=\"elementor-element elementor-element-a788e2a e-con-full e-flex e-con e-child\" data-id=\"a788e2a\" data-element_type=\"container\">\n\t\t\t\t<div class=\"elementor-element elementor-element-48a288a elementor-widget elementor-widget-image\" data-id=\"48a288a\" data-element_type=\"widget\" data-widget_type=\"image.default\">\n\t\t\t\t<div class=\"elementor-widget-container\">\n\t\t\t\t\t\t\t\t\t\t\t\t\t\t\t<img fetchpriority=\"high\" decoding=\"async\" width=\"640\" height=\"428\" src=\"https:\/\/alumni.unach.edu.ec\/wp-content\/uploads\/2025\/05\/Lidita-doc-Nico-1024x684.jpg\" class=\"attachment-large size-large wp-image-1003\" alt=\"\" srcset=\"https:\/\/alumni.unach.edu.ec\/wp-content\/uploads\/2025\/05\/Lidita-doc-Nico-1024x684.jpg 1024w, https:\/\/alumni.unach.edu.ec\/wp-content\/uploads\/2025\/05\/Lidita-doc-Nico-300x200.jpg 300w, https:\/\/alumni.unach.edu.ec\/wp-content\/uploads\/2025\/05\/Lidita-doc-Nico-768x513.jpg 768w, https:\/\/alumni.unach.edu.ec\/wp-content\/uploads\/2025\/05\/Lidita-doc-Nico-1536x1025.jpg 1536w, https:\/\/alumni.unach.edu.ec\/wp-content\/uploads\/2025\/05\/Lidita-doc-Nico.jpg 2048w\" sizes=\"(max-width: 640px) 100vw, 640px\" \/>\t\t\t\t\t\t\t\t\t\t\t\t\t\t\t<\/div>\n\t\t\t\t<\/div>\n\t\t\t\t<\/div>\n\t\t<div class=\"elementor-element elementor-element-39bcc81 e-con-full e-flex e-con e-child\" data-id=\"39bcc81\" data-element_type=\"container\">\n\t\t\t\t<div class=\"elementor-element elementor-element-49d1726 elementor-widget elementor-widget-text-editor\" data-id=\"49d1726\" data-element_type=\"widget\" data-widget_type=\"text-editor.default\">\n\t\t\t\t<div class=\"elementor-widget-container\">\n\t\t\t\t\t\t\t\t\t<p style=\"text-align: right;\"><span style=\"font-size: 24pt;\">\u00a0<span style=\"color: #000000;\"><strong>Misi\u00f3n<\/strong><\/span><\/span><\/p>\t\t\t\t\t\t\t\t<\/div>\n\t\t\t\t<\/div>\n\t\t\t\t<div class=\"elementor-element elementor-element-2a7c83e elementor-widget elementor-widget-text-editor\" data-id=\"2a7c83e\" data-element_type=\"widget\" data-widget_type=\"text-editor.default\">\n\t\t\t\t<div class=\"elementor-widget-container\">\n\t\t\t\t\t\t\t\t\t<p>\u00a0<\/p><p style=\"text-align: right;\"><span style=\"font-size: 24pt;\"><span style=\"color: #000000;\"><strong>Visi\u00f3n<\/strong><\/span><\/span><\/p>\t\t\t\t\t\t\t\t<\/div>\n\t\t\t\t<\/div>\n\t\t\t\t<\/div>\n\t\t<div class=\"elementor-element elementor-element-8515ba5 e-con-full e-flex e-con e-child\" data-id=\"8515ba5\" data-element_type=\"container\">\n\t\t\t\t<div class=\"elementor-element elementor-element-4d892e4 elementor-widget elementor-widget-text-editor\" data-id=\"4d892e4\" data-element_type=\"widget\" data-widget_type=\"text-editor.default\">\n\t\t\t\t<div class=\"elementor-widget-container\">\n\t\t\t\t\t\t\t\t\t<p>\u00a0<\/p><p>El prop\u00f3sito de ALUMNI-UNACH es fortalecer los v\u00ednculos con nuestros graduados, a trav\u00e9s de servicios que aporten al desarrollo profesional.<\/p>\t\t\t\t\t\t\t\t<\/div>\n\t\t\t\t<\/div>\n\t\t\t\t<div class=\"elementor-element elementor-element-3afaa71 elementor-widget elementor-widget-text-editor\" data-id=\"3afaa71\" data-element_type=\"widget\" data-widget_type=\"text-editor.default\">\n\t\t\t\t<div class=\"elementor-widget-container\">\n\t\t\t\t\t\t\t\t\t<p>\u00a0Generar impacto positivo en la empleabilidad y el desarrollo profesional de nuestros graduados, consolidando una comunidad comprometida con el crecimiento acad\u00e9mico.<\/p>\t\t\t\t\t\t\t\t<\/div>\n\t\t\t\t<\/div>\n\t\t\t\t<\/div>\n\t\t\t\t\t<\/div>\n\t\t\t\t<\/div>\n\t\t<div class=\"elementor-element elementor-element-c0bfea1 e-flex e-con-boxed e-con e-parent\" data-id=\"c0bfea1\" data-element_type=\"container\">\n\t\t\t\t\t<div class=\"e-con-inner\">\n\t\t<div class=\"elementor-element elementor-element-8c020cf e-con-full e-flex e-con e-child\" data-id=\"8c020cf\" data-element_type=\"container\">\n\t\t\t\t<div class=\"elementor-element elementor-element-7a43d9c elementor-widget elementor-widget-text-editor\" data-id=\"7a43d9c\" data-element_type=\"widget\" data-widget_type=\"text-editor.default\">\n\t\t\t\t<div class=\"elementor-widget-container\">\n\t\t\t\t\t\t\t\t\t<p><span style=\"color: #000000; font-size: 24pt;\"><strong>Objetivos<\/strong><\/span><\/p><ul><li><span style=\"color: #000000;\">Gestionar v\u00ednculos con instituciones p\u00fablicas y privadas para mejorar la empleabilidad de nuestros graduados.<\/span><\/li><li><span style=\"color: #000000;\">Facilitar el acceso a\u00a0 eventos acad\u00e9micos, cient\u00edficos\u00a0 y culturales.<\/span><\/li><li><span style=\"color: #000000;\">Promocionar los emprendimientos de nuestros graduados.<\/span><\/li><li><span style=\"color: #000000;\">Difundir historias de \u00e9xito y logros de los graduados para inspirar a la comunidad universitaria.<\/span><\/li><\/ul>\t\t\t\t\t\t\t\t<\/div>\n\t\t\t\t<\/div>\n\t\t\t\t<\/div>\n\t\t\t\t\t<\/div>\n\t\t\t\t<\/div>\n\t\t<div class=\"elementor-element elementor-element-67755fc e-flex e-con-boxed e-con e-parent\" data-id=\"67755fc\" data-element_type=\"container\">\n\t\t\t\t\t<div class=\"e-con-inner\">\n\t\t\t\t<div class=\"elementor-element elementor-element-b26bd1d elementor-widget elementor-widget-html\" data-id=\"b26bd1d\" data-element_type=\"widget\" data-widget_type=\"html.default\">\n\t\t\t\t<div class=\"elementor-widget-container\">\n\t\t\t\t\t<html lang=\"es\">\n<head>\n    <meta charset=\"UTF-8\">\n    <meta name=\"viewport\" content=\"width=device-width, initial-scale=1.0\">\n    <title>Flip Boxes con Transparencia en Frente<\/title>\n    <style>\n        \/* Reset b\u00e1sico *\/\n        * {\n            margin: 0;\n            padding: 0;\n            box-sizing: border-box;\n        }\n\n        body {\n            font-family: Arial, sans-serif;\n            background-color: #f4f4f4;\n            padding: 20px;\n        }\n\n        .flip-box-container {\n            display: flex;\n            justify-content: space-between;\n            gap: 20px;\n            flex-wrap: wrap;\n        }\n\n        .flip-box {\n            width: calc(33.33% - 20px);\n            height: 350px;\n            perspective: 1000px;\n            margin-bottom: 20px;\n        }\n\n        @media (max-width: 1200px) {\n            .flip-box {\n                width: calc(50% - 20px);\n            }\n        }\n\n        @media (max-width: 768px) {\n            .flip-box {\n                width: 100%;\n            }\n        }\n\n        .flip-box-inner {\n            position: relative;\n            width: 100%;\n            height: 100%;\n            text-align: center;\n            transition: transform 0.8s ease-in-out;\n            transform-style: preserve-3d;\n        }\n\n        .flip-box:hover .flip-box-inner {\n            transform: rotateX(180deg);\n        }\n\n        .flip-box-front,\n        .flip-box-back {\n            position: absolute;\n            width: 100%;\n            height: 100%;\n            backface-visibility: hidden;\n            border-radius: 10px;\n            overflow: hidden;\n        }\n\n        .flip-box-front {\n            background-color: #0e1424;\n            color: white;\n            display: flex;\n            justify-content: center;\n            align-items: center;\n        }\n\n        .flip-box-front img {\n            width: 100%;\n            height: 100%;\n            object-fit: cover;\n        }\n\n        .flip-box-front .text-overlay {\n            position: absolute;\n            bottom: 0;\n            left: 0;\n            right: 0;\n            background: rgba(14, 20, 36, 0.7);\n            color: white;\n            padding: 10px;\n            text-align: center;\n        }\n\n        .flip-box-back {\n            background-color: #FF0000;\n            color: white;\n            transform: rotateX(180deg);\n            display: flex;\n            justify-content: center;\n            align-items: center;\n            flex-direction: column;\n            padding: 10px;\n        }\n\n        .flip-box-back img {\n            width: 100%;\n            height: 60%;\n            object-fit: cover;\n            margin-bottom: 10px;\n        }\n\n        .flip-box-back a {\n            text-decoration: none;\n            color: #fff;\n            background-color: #000;\n            padding: 10px 15px;\n            border-radius: 5px;\n            transition: background-color 0.3s ease-in-out;\n        }\n\n        .flip-box-back a:hover {\n            background-color: #333;\n        }\n    <\/style>\n<\/head>\n<body>\n    <div class=\"flip-box-container\">\n        <div class=\"flip-box\">\n            <div class=\"flip-box-inner\">\n                <div class=\"flip-box-front\">\n                    <img decoding=\"async\" src=\"https:\/\/alumni.unach.edu.ec\/wp-content\/IM%C3%81GENES\/bolsa_empleo_2.png\" alt=\"Bolsa de Empleo\">\n                    <div class=\"text-overlay\">\n                        <h2>BOLSA DE EMPLEO<\/h2>\n                        <p>Descubre las oportunidades laborales<\/p>\n                    <\/div>\n                <\/div>\n                <div class=\"flip-box-back\">\n                    <img decoding=\"async\" src=\"https:\/\/alumni.unach.edu.ec\/wp-content\/IM%C3%81GENES\/CONSULTORIOS\/bolsa_de_empleo.jpg\" alt=\"Sabemos lo que formamos\">\n                    <a href=\"https:\/\/app.unach.edu.ec:4456\/\" target=\"_blank\">Ver m\u00e1s<\/a>\n                <\/div>\n            <\/div>\n        <\/div>\n        <div class=\"flip-box\">\n            <div class=\"flip-box-inner\">\n                <div class=\"flip-box-front\">\n                    <img decoding=\"async\" src=\"https:\/\/alumni.unach.edu.ec\/wp-content\/IM%C3%81GENES\/inuaguracio%CC%81n%20yo%20emprendo%20con%20agro.JPG\" alt=\"Cat\u00e1logo de Productos\">\n                    <div class=\"text-overlay\">\n                        <h2><\/h2>\n                        <h2>EMPRENDIMIENTOS<\/h2>\n                        <p>Encuentra los productos de nuestros emprendedores<\/p>\n                    <\/div>\n                <\/div>\n                <div class=\"flip-box-back\">\n                    <img decoding=\"async\" src=\"https:\/\/alumni.unach.edu.ec\/wp-content\/IM%C3%81GENES\/CONSULTORIOS\/catalogo_emprendimientos.jpg\" alt=\"Productos y servicios hechos con coraz\u00f3n\">\n                    <a href=\"https:\/\/alumni.unach.edu.ec\/index.php\/catalogo-de-emprendimientos\/\" target=\"_blank\">Ver m\u00e1s<\/a>\n                <\/div>\n            <\/div>\n        <\/div>\n        <div class=\"flip-box\">\n            <div class=\"flip-box-inner\">\n                <div class=\"flip-box-front\">\n                    <img decoding=\"async\" src=\"https:\/\/alumni.unach.edu.ec\/wp-content\/IM%C3%81GENES\/tu%20formacio%CC%81n%20continua.JPG\" alt=\"Capacitaciones\">\n                    <div class=\"text-overlay\">\n                        <h2>TU EDUCACI\u00d3N CONTIN\u00daA<\/h2>\n                        <p>Fortalece tus competencias profesionales<\/p>\n                    <\/div>\n                <\/div>\n                <div class=\"flip-box-back\">\n                    <img decoding=\"async\" src=\"https:\/\/alumni.unach.edu.ec\/wp-content\/IM%C3%81GENES\/CONSULTORIOS\/capacitaciones.jpg\" alt=\"Cuenta siempre con la Unach\">\n                    <a href=\"https:\/\/alumni.unach.edu.ec\/index.php\/tu-educacion-continua\/\" target=\"_blank\">Ver m\u00e1s<\/a>\n                <\/div>\n            <\/div>\n        <\/div>\n    <\/div>\n\n    <!-- Polyfill para navegadores sin soporte completo -->\n    <script>\n        \/\/ Fallback para 'object-fit' en navegadores antiguos\n        if ('objectFit' in document.documentElement.style === false) {\n            document.addEventListener('DOMContentLoaded', function () {\n                Array.prototype.forEach.call(document.querySelectorAll('.flip-box-front img, .flip-box-back img'), function (image) {\n                    image.style.position = 'absolute';\n                    image.style.top = '0';\n                    image.style.left = '0';\n                    image.style.width = '100%';\n                    image.style.height = '100%';\n                    image.style.objectFit = 'cover'; \/\/ Simula object-fit si no est\u00e1 disponible\n                });\n            });\n        }\n    <\/script>\n<\/body>\n<\/html>\t\t\t\t<\/div>\n\t\t\t\t<\/div>\n\t\t\t\t\t<\/div>\n\t\t\t\t<\/div>\n\t\t\t\t<\/div>\n\t\t","protected":false},"excerpt":{"rendered":"<p>\u00a0Misi\u00f3n \u00a0 Visi\u00f3n \u00a0 El prop\u00f3sito de ALUMNI-UNACH es fortalecer los v\u00ednculos con nuestros graduados, a trav\u00e9s de servicios que aporten al desarrollo profesional. \u00a0Generar impacto positivo en la empleabilidad y el desarrollo profesional de nuestros graduados, consolidando una comunidad comprometida con el crecimiento acad\u00e9mico. Objetivos Gestionar v\u00ednculos con instituciones p\u00fablicas y privadas para mejorar<\/p>\n<div class=\"more-link\">\n\t\t\t\t <a href=\"https:\/\/alumni.unach.edu.ec\/index.php\/quienes-somos\/\" class=\"link-btn\"><span>Seguir leyendo <\/span> <i class=\"icofont-thin-double-right\"><\/i><\/a>\n\t\t\t<\/div>\n","protected":false},"author":1,"featured_media":0,"parent":0,"menu_order":0,"comment_status":"closed","ping_status":"closed","template":"templates\/without-hero.php","meta":{"footnotes":""},"class_list":["post-93","page","type-page","status-publish","hentry"],"_links":{"self":[{"href":"https:\/\/alumni.unach.edu.ec\/index.php\/wp-json\/wp\/v2\/pages\/93","targetHints":{"allow":["GET"]}}],"collection":[{"href":"https:\/\/alumni.unach.edu.ec\/index.php\/wp-json\/wp\/v2\/pages"}],"about":[{"href":"https:\/\/alumni.unach.edu.ec\/index.php\/wp-json\/wp\/v2\/types\/page"}],"author":[{"embeddable":true,"href":"https:\/\/alumni.unach.edu.ec\/index.php\/wp-json\/wp\/v2\/users\/1"}],"replies":[{"embeddable":true,"href":"https:\/\/alumni.unach.edu.ec\/index.php\/wp-json\/wp\/v2\/comments?post=93"}],"version-history":[{"count":61,"href":"https:\/\/alumni.unach.edu.ec\/index.php\/wp-json\/wp\/v2\/pages\/93\/revisions"}],"predecessor-version":[{"id":1117,"href":"https:\/\/alumni.unach.edu.ec\/index.php\/wp-json\/wp\/v2\/pages\/93\/revisions\/1117"}],"wp:attachment":[{"href":"https:\/\/alumni.unach.edu.ec\/index.php\/wp-json\/wp\/v2\/media?parent=93"}],"curies":[{"name":"wp","href":"https:\/\/api.w.org\/{rel}","templated":true}]}}